{"id":1711,"date":"2025-04-17T15:31:30","date_gmt":"2025-04-17T15:31:30","guid":{"rendered":"https:\/\/oinoforoswineryevents.com\/shop\/daphnis-ve-chloe-kirmizi-180-ml\/"},"modified":"2025-04-17T15:31:30","modified_gmt":"2025-04-17T15:31:30","slug":"daphnis-ve-chloe-kirmizi-180-ml","status":"publish","type":"product","link":"https:\/\/oinoforoswineryevents.com\/tr\/shop\/daphnis-ve-chloe-kirmizi-180-ml\/","title":{"rendered":"Daphnis ve Chlo\u00e9 Kirmizi 180 ml"},"content":{"rendered":"<p>Organik k\u0131rm\u0131z\u0131 &#8220;Daphnis ve Chloe&#8221; PGI sertifikal\u0131d\u0131r; derin k\u0131rm\u0131z\u0131 rengi, k\u00fc\u00e7\u00fck k\u0131rm\u0131z\u0131 meyve ve baharat notalar\u0131, zengin aromas\u0131 ve uzun biti\u015fiyle \u00f6ne \u00e7\u0131kar. Mandilaria (Gndoura), Vapsa ve Fokiano (Fokiano, Rik\u00e1ra) \u00fcz\u00fcmlerinden yap\u0131lm\u0131\u015ft\u0131r. Sonsuz a\u015fk hikayesinden esinlenerek \u00fcretilmi\u015f, Yunan romantizminin \u00f6z\u00fcn\u00fc yans\u0131tan bir \u015farapt\u0131r. Etiketi yana \u00e7evirince Daphnis ve Chloe&#8217;nin y\u00fczleri belirir, topra\u011f\u0131n ve a\u015fk\u0131n uyumunu temsil eder. Her kadehte romantizmi ve hayali manzaralar\u0131 tadabilirsiniz.     <\/p>\n","protected":false},"excerpt":{"rendered":"<p>&nbsp;<\/p>\n<p>&nbsp;<\/p>\n","protected":false},"featured_media":1479,"comment_status":"open","ping_status":"closed","template":"","meta":{"_acf_changed":false},"product_brand":[],"product_cat":[39],"product_tag":[],"class_list":{"0":"post-1711","1":"product","2":"type-product","3":"status-publish","4":"has-post-thumbnail","6":"product_cat-kirmizi-kuru","8":"first","9":"instock","10":"taxable","11":"shipping-taxable","12":"purchasable","13":"product-type-variable"},"acf":[],"_links":{"self":[{"href":"https:\/\/oinoforoswineryevents.com\/tr\/wp-json\/wp\/v2\/product\/1711","targetHints":{"allow":["GET"]}}],"collection":[{"href":"https:\/\/oinoforoswineryevents.com\/tr\/wp-json\/wp\/v2\/product"}],"about":[{"href":"https:\/\/oinoforoswineryevents.com\/tr\/wp-json\/wp\/v2\/types\/product"}],"replies":[{"embeddable":true,"href":"https:\/\/oinoforoswineryevents.com\/tr\/wp-json\/wp\/v2\/comments?post=1711"}],"version-history":[{"count":0,"href":"https:\/\/oinoforoswineryevents.com\/tr\/wp-json\/wp\/v2\/product\/1711\/revisions"}],"wp:featuredmedia":[{"embeddable":true,"href":"https:\/\/oinoforoswineryevents.com\/tr\/wp-json\/wp\/v2\/media\/1479"}],"wp:attachment":[{"href":"https:\/\/oinoforoswineryevents.com\/tr\/wp-json\/wp\/v2\/media?parent=1711"}],"wp:term":[{"taxonomy":"product_brand","embeddable":true,"href":"https:\/\/oinoforoswineryevents.com\/tr\/wp-json\/wp\/v2\/product_brand?post=1711"},{"taxonomy":"product_cat","embeddable":true,"href":"https:\/\/oinoforoswineryevents.com\/tr\/wp-json\/wp\/v2\/product_cat?post=1711"},{"taxonomy":"product_tag","embeddable":true,"href":"https:\/\/oinoforoswineryevents.com\/tr\/wp-json\/wp\/v2\/product_tag?post=1711"}],"curies":[{"name":"wp","href":"https:\/\/api.w.org\/{rel}","templated":true}]}}