{"id":1704,"date":"2025-04-17T15:30:41","date_gmt":"2025-04-17T15:30:41","guid":{"rendered":"https:\/\/oinoforoswineryevents.com\/shop\/daphnis-ve-chloe-beyaz-180-ml\/"},"modified":"2025-04-30T18:11:59","modified_gmt":"2025-04-30T18:11:59","slug":"daphnis-ve-chloe-beyaz-180-ml","status":"publish","type":"product","link":"https:\/\/oinoforoswineryevents.com\/tr\/shop\/daphnis-ve-chloe-beyaz-180-ml\/","title":{"rendered":"Daphnis ve Chlo\u00e9 Beyaz 180 ml"},"content":{"rendered":"<p>Organik beyaz &#8220;Daphnis ve Chloe&#8221; PGI sertifikal\u0131d\u0131r (a\u00e7\u0131k k\u0131rm\u0131z\u0131 \u00fcz\u00fcmlerden beyaz \u015farap \u00fcretimi) ve zarif aromas\u0131 ile hassas tad\u0131 \u00f6n plana \u00e7\u0131kar. Kalloniatiko, Fokiano ve Assyrtiko i\u00e7erir. Beyaz etler, bal\u0131klar ve deniz \u00fcr\u00fcnleriyle m\u00fckemmel uyum sa\u011flar. 9-11\u00b0C&#8217;de servis edilir. Sonsuz a\u015fk hikayesi Daphnis ve Chloe&#8217;den ilham alarak \u00fcretilmi\u015ftir; bu \u015farap, Yunan romantizminin \u00f6z\u00fcn\u00fc yans\u0131t\u0131r. Hik\u00e2ye, Longus taraf\u0131ndan \u00f6l\u00fcms\u00fczle\u015ftirilmi\u015f ve Midilli\u2019nin g\u00fcne\u015fli g\u00f6klerinde do\u011fan bir a\u015fk\u0131 anlat\u0131r. Etiketi yana \u00e7evirdi\u011finizde Daphnis ve Chloe\u2019nin nazik y\u00fczlerini ke\u015ffedersiniz, topra\u011f\u0131n ve a\u015fk\u0131n uyumunu simgeler. Her yudum, romantizmi ve cennet gibi manzaralar\u0131 hissettirir.      <\/p>\n","protected":false},"excerpt":{"rendered":"<p>Organik beyaz &#8220;Daphnis ve Chloe&#8221; PGI sertifikal\u0131d\u0131r (a\u00e7\u0131k k\u0131rm\u0131z\u0131 \u00fcz\u00fcmlerden beyaz \u015farap \u00fcretimi) ve zarif aromas\u0131 ile hassas tad\u0131 \u00f6n plana \u00e7\u0131kar. Kalloniatiko, Fokiano ve Assyrtiko i\u00e7erir. Beyaz etler, bal\u0131klar ve deniz \u00fcr\u00fcnleriyle m\u00fckemmel uyum sa\u011flar. 9-11\u00b0C&#8217;de servis edilir. Sonsuz a\u015fk hikayesi Daphnis ve Chloe&#8217;den ilham alarak \u00fcretilmi\u015ftir; bu \u015farap, Yunan romantizminin \u00f6z\u00fcn\u00fc yans\u0131t\u0131r. Hik\u00e2ye, [&hellip;]<\/p>\n","protected":false},"featured_media":1477,"comment_status":"open","ping_status":"closed","template":"","meta":{"_acf_changed":false},"product_brand":[],"product_cat":[23],"product_tag":[],"class_list":{"0":"post-1704","1":"product","2":"type-product","3":"status-publish","4":"has-post-thumbnail","6":"product_cat-beyaz","8":"first","9":"instock","10":"taxable","11":"shipping-taxable","12":"purchasable","13":"product-type-variable"},"acf":[],"_links":{"self":[{"href":"https:\/\/oinoforoswineryevents.com\/tr\/wp-json\/wp\/v2\/product\/1704","targetHints":{"allow":["GET"]}}],"collection":[{"href":"https:\/\/oinoforoswineryevents.com\/tr\/wp-json\/wp\/v2\/product"}],"about":[{"href":"https:\/\/oinoforoswineryevents.com\/tr\/wp-json\/wp\/v2\/types\/product"}],"replies":[{"embeddable":true,"href":"https:\/\/oinoforoswineryevents.com\/tr\/wp-json\/wp\/v2\/comments?post=1704"}],"version-history":[{"count":0,"href":"https:\/\/oinoforoswineryevents.com\/tr\/wp-json\/wp\/v2\/product\/1704\/revisions"}],"wp:featuredmedia":[{"embeddable":true,"href":"https:\/\/oinoforoswineryevents.com\/tr\/wp-json\/wp\/v2\/media\/1477"}],"wp:attachment":[{"href":"https:\/\/oinoforoswineryevents.com\/tr\/wp-json\/wp\/v2\/media?parent=1704"}],"wp:term":[{"taxonomy":"product_brand","embeddable":true,"href":"https:\/\/oinoforoswineryevents.com\/tr\/wp-json\/wp\/v2\/product_brand?post=1704"},{"taxonomy":"product_cat","embeddable":true,"href":"https:\/\/oinoforoswineryevents.com\/tr\/wp-json\/wp\/v2\/product_cat?post=1704"},{"taxonomy":"product_tag","embeddable":true,"href":"https:\/\/oinoforoswineryevents.com\/tr\/wp-json\/wp\/v2\/product_tag?post=1704"}],"curies":[{"name":"wp","href":"https:\/\/api.w.org\/{rel}","templated":true}]}}