{"id":1688,"date":"2025-04-17T15:28:57","date_gmt":"2025-04-17T15:28:57","guid":{"rendered":"https:\/\/oinoforoswineryevents.com\/shop\/rose-kleopatra-750-ml\/"},"modified":"2025-05-07T11:09:27","modified_gmt":"2025-05-07T11:09:27","slug":"rose-kleopatra-750-ml","status":"publish","type":"product","link":"https:\/\/oinoforoswineryevents.com\/tr\/shop\/rose-kleopatra-750-ml\/","title":{"rendered":"ROSE KLEOPATRA Rose Sek 750 ml"},"content":{"rendered":"<p>Meyvemsi &#8220;Rose Kleopatra&#8221;, parlak pembe rengi, menek\u015fe yans\u0131malar\u0131 ve ho\u015f asiditesiyle dikkat \u00e7eker. Fokiano ve Savvatiano \u00fcz\u00fcmlerinden \u00fcretilmi\u015ftir. Soslu beyaz etler, yumu\u015fak peynirler ve \u015fark\u00fcteri \u00fcr\u00fcnleriyle uyumludur. Aile b\u00fcy\u00fckannesi Kleopatra&#8217;ya adanan bu \u015farap, sevgi ve sadakatle topra\u011fa bakan bir ya\u015fam\u0131 temsil eder. Haf\u0131za g\u00fcc\u00fcn\u00fc ve miras g\u00fczelli\u011fini kutlar.    <\/p>\n","protected":false},"excerpt":{"rendered":"<p>Meyvemsi &#8220;Rose Kleopatra&#8221;, parlak pembe rengi, menek\u015fe yans\u0131malar\u0131 ve ho\u015f asiditesiyle dikkat \u00e7eker. Fokiano ve Savvatiano \u00fcz\u00fcmlerinden \u00fcretilmi\u015ftir. Soslu beyaz etler, yumu\u015fak peynirler ve \u015fark\u00fcteri \u00fcr\u00fcnleriyle uyumludur. Aile b\u00fcy\u00fckannesi Kleopatra&#8217;ya adanan bu \u015farap, sevgi ve sadakatle topra\u011fa bakan bir ya\u015fam\u0131 temsil eder. Haf\u0131za g\u00fcc\u00fcn\u00fc ve miras g\u00fczelli\u011fini kutlar.<\/p>\n","protected":false},"featured_media":1471,"comment_status":"open","ping_status":"closed","template":"","meta":{"_acf_changed":false},"product_brand":[],"product_cat":[37],"product_tag":[],"class_list":{"0":"post-1688","1":"product","2":"type-product","3":"status-publish","4":"has-post-thumbnail","6":"product_cat-sek-rose","8":"first","9":"instock","10":"taxable","11":"shipping-taxable","12":"purchasable","13":"product-type-variable"},"acf":[],"_links":{"self":[{"href":"https:\/\/oinoforoswineryevents.com\/tr\/wp-json\/wp\/v2\/product\/1688","targetHints":{"allow":["GET"]}}],"collection":[{"href":"https:\/\/oinoforoswineryevents.com\/tr\/wp-json\/wp\/v2\/product"}],"about":[{"href":"https:\/\/oinoforoswineryevents.com\/tr\/wp-json\/wp\/v2\/types\/product"}],"replies":[{"embeddable":true,"href":"https:\/\/oinoforoswineryevents.com\/tr\/wp-json\/wp\/v2\/comments?post=1688"}],"version-history":[{"count":0,"href":"https:\/\/oinoforoswineryevents.com\/tr\/wp-json\/wp\/v2\/product\/1688\/revisions"}],"wp:featuredmedia":[{"embeddable":true,"href":"https:\/\/oinoforoswineryevents.com\/tr\/wp-json\/wp\/v2\/media\/1471"}],"wp:attachment":[{"href":"https:\/\/oinoforoswineryevents.com\/tr\/wp-json\/wp\/v2\/media?parent=1688"}],"wp:term":[{"taxonomy":"product_brand","embeddable":true,"href":"https:\/\/oinoforoswineryevents.com\/tr\/wp-json\/wp\/v2\/product_brand?post=1688"},{"taxonomy":"product_cat","embeddable":true,"href":"https:\/\/oinoforoswineryevents.com\/tr\/wp-json\/wp\/v2\/product_cat?post=1688"},{"taxonomy":"product_tag","embeddable":true,"href":"https:\/\/oinoforoswineryevents.com\/tr\/wp-json\/wp\/v2\/product_tag?post=1688"}],"curies":[{"name":"wp","href":"https:\/\/api.w.org\/{rel}","templated":true}]}}