{"id":1683,"date":"2025-04-17T15:27:23","date_gmt":"2025-04-17T15:27:23","guid":{"rendered":"https:\/\/oinoforoswineryevents.com\/shop\/dolce-kleopatra-kirmizi-yari-tatli-750-ml\/"},"modified":"2025-05-07T11:10:00","modified_gmt":"2025-05-07T11:10:00","slug":"dolce-kleopatra-kirmizi-yari-tatli-750-ml","status":"publish","type":"product","link":"https:\/\/oinoforoswineryevents.com\/tr\/shop\/dolce-kleopatra-kirmizi-yari-tatli-750-ml\/","title":{"rendered":"DOLCE KLEOPATRA K\u0131rm\u0131z\u0131 Yar\u0131 Tatl\u0131 750 ml"},"content":{"rendered":"<p>Canl\u0131 k\u0131rm\u0131z\u0131 rengi, k\u0131rm\u0131z\u0131 meyve aromalar\u0131 ve tatl\u0131, i\u00e7imi kolay yap\u0131s\u0131yla &#8220;Dolce Kleopatra&#8221; k\u0131rm\u0131z\u0131 yar\u0131 tatl\u0131 \u015farap, Fokiano, Kalloniatiko ve Muskat \u00fcz\u00fcmlerinden yap\u0131lm\u0131\u015ft\u0131r. Baharatl\u0131 peynirler, g\u00fc\u00e7l\u00fc tatlar ve meyvelerle uyumludur. &#8220;Kleopatra&#8221;, topra\u011fa sevgiyle bakan Paterellis ailesinin b\u00fcy\u00fckannesi Kleopatra&#8217;ya adanm\u0131\u015ft\u0131r. \u015earap, haf\u0131zan\u0131n g\u00fcc\u00fcn\u00fc ve miras\u0131n g\u00fczelli\u011fini onurland\u0131r\u0131r.    <\/p>\n","protected":false},"excerpt":{"rendered":"<p>Canl\u0131 k\u0131rm\u0131z\u0131 rengi, k\u0131rm\u0131z\u0131 meyve aromalar\u0131 ve tatl\u0131, i\u00e7imi kolay yap\u0131s\u0131yla &#8220;Dolce Kleopatra&#8221; k\u0131rm\u0131z\u0131 yar\u0131 tatl\u0131 \u015farap, Fokiano, Kalloniatiko ve Muskat \u00fcz\u00fcmlerinden yap\u0131lm\u0131\u015ft\u0131r. Baharatl\u0131 peynirler, g\u00fc\u00e7l\u00fc tatlar ve meyvelerle uyumludur. &#8220;Kleopatra&#8221;, topra\u011fa sevgiyle bakan Paterellis ailesinin b\u00fcy\u00fckannesi Kleopatra&#8217;ya adanm\u0131\u015ft\u0131r. \u015earap, haf\u0131zan\u0131n g\u00fcc\u00fcn\u00fc ve miras\u0131n g\u00fczelli\u011fini onurland\u0131r\u0131r.<\/p>\n","protected":false},"featured_media":1469,"comment_status":"open","ping_status":"closed","template":"","meta":{"_acf_changed":false},"product_brand":[],"product_cat":[42],"product_tag":[],"class_list":{"0":"post-1683","1":"product","2":"type-product","3":"status-publish","4":"has-post-thumbnail","6":"product_cat-kirmizi-yari-tatli","8":"first","9":"instock","10":"taxable","11":"shipping-taxable","12":"purchasable","13":"product-type-variable"},"acf":[],"_links":{"self":[{"href":"https:\/\/oinoforoswineryevents.com\/tr\/wp-json\/wp\/v2\/product\/1683","targetHints":{"allow":["GET"]}}],"collection":[{"href":"https:\/\/oinoforoswineryevents.com\/tr\/wp-json\/wp\/v2\/product"}],"about":[{"href":"https:\/\/oinoforoswineryevents.com\/tr\/wp-json\/wp\/v2\/types\/product"}],"replies":[{"embeddable":true,"href":"https:\/\/oinoforoswineryevents.com\/tr\/wp-json\/wp\/v2\/comments?post=1683"}],"version-history":[{"count":0,"href":"https:\/\/oinoforoswineryevents.com\/tr\/wp-json\/wp\/v2\/product\/1683\/revisions"}],"wp:featuredmedia":[{"embeddable":true,"href":"https:\/\/oinoforoswineryevents.com\/tr\/wp-json\/wp\/v2\/media\/1469"}],"wp:attachment":[{"href":"https:\/\/oinoforoswineryevents.com\/tr\/wp-json\/wp\/v2\/media?parent=1683"}],"wp:term":[{"taxonomy":"product_brand","embeddable":true,"href":"https:\/\/oinoforoswineryevents.com\/tr\/wp-json\/wp\/v2\/product_brand?post=1683"},{"taxonomy":"product_cat","embeddable":true,"href":"https:\/\/oinoforoswineryevents.com\/tr\/wp-json\/wp\/v2\/product_cat?post=1683"},{"taxonomy":"product_tag","embeddable":true,"href":"https:\/\/oinoforoswineryevents.com\/tr\/wp-json\/wp\/v2\/product_tag?post=1683"}],"curies":[{"name":"wp","href":"https:\/\/api.w.org\/{rel}","templated":true}]}}