{"id":1663,"date":"2025-04-14T19:33:12","date_gmt":"2025-04-14T19:33:12","guid":{"rendered":"https:\/\/oinoforoswineryevents.com\/shop\/makara-kirmizi-sek-750-ml\/"},"modified":"2025-06-02T09:18:31","modified_gmt":"2025-06-02T09:18:31","slug":"makara-kirmizi-sek-750-ml","status":"publish","type":"product","link":"https:\/\/oinoforoswineryevents.com\/tr\/shop\/makara-kirmizi-sek-750-ml\/","title":{"rendered":"Makara \u015earap kategorisi 750 ml"},"content":{"rendered":"<p>\u0130nce k\u0131rm\u0131z\u0131 \u015farap &#8220;Makara&#8221; PGI sertifikal\u0131d\u0131r; Midilli&#8217;nin toprak aromalar\u0131n\u0131 sergiler ve Kalloniatiko ile Fokiano (Fokiano, Rik\u00e1ra) \u00fcz\u00fcmlerinden olu\u015fur. 16-18\u00b0C\u2019de servis edilir. Av eti, baharatl\u0131 yemekler, peynirler ve k\u0131rm\u0131z\u0131 etlerle m\u00fckemmeldir. Midilli&#8217;nin ilk kral\u0131 efsanevi Makara&#8217;dan ilham al\u0131narak haz\u0131rlanm\u0131\u015ft\u0131r. Etiketinde asil bir tavus ku\u015fu yer al\u0131r; asaletin, yenilenmenin ve kal\u0131c\u0131 miras\u0131n simgesidir. T\u0131pk\u0131 renkli t\u00fcylerinin \u0131\u015f\u0131\u011f\u0131 yans\u0131tmas\u0131 gibi, &#8220;Makara&#8221; da zengin aromalar\u0131n\u0131 a\u015famal\u0131 olarak ortaya \u00e7\u0131kar\u0131r. Her kadehte g\u00f6rkem, gizem ve bilgelik dolu bir deneyim sunar.<\/p>\n","protected":false},"excerpt":{"rendered":"<p>\u0130nce k\u0131rm\u0131z\u0131 \u015farap &#8220;Makara&#8221; PGI sertifikal\u0131d\u0131r; Midilli&#8217;nin toprak aromalar\u0131n\u0131 sergiler ve Kalloniatiko ile Fokiano (Fokiano, Rik\u00e1ra) \u00fcz\u00fcmlerinden olu\u015fur. 16-18\u00b0C\u2019de servis edilir. Av eti, baharatl\u0131 yemekler, peynirler ve k\u0131rm\u0131z\u0131 etlerle m\u00fckemmeldir. Midilli&#8217;nin ilk kral\u0131 efsanevi Makara&#8217;dan ilham al\u0131narak haz\u0131rlanm\u0131\u015ft\u0131r. Etiketinde asil bir tavus ku\u015fu yer al\u0131r; asaletin, yenilenmenin ve kal\u0131c\u0131 miras\u0131n simgesidir. T\u0131pk\u0131 renkli t\u00fcylerinin \u0131\u015f\u0131\u011f\u0131 [&hellip;]<\/p>\n","protected":false},"featured_media":1467,"comment_status":"open","ping_status":"closed","template":"","meta":{"_acf_changed":false},"product_brand":[],"product_cat":[39],"product_tag":[],"class_list":{"0":"post-1663","1":"product","2":"type-product","3":"status-publish","4":"has-post-thumbnail","6":"product_cat-kirmizi-kuru","8":"first","9":"instock","10":"taxable","11":"shipping-taxable","12":"purchasable","13":"product-type-variable"},"acf":[],"_links":{"self":[{"href":"https:\/\/oinoforoswineryevents.com\/tr\/wp-json\/wp\/v2\/product\/1663","targetHints":{"allow":["GET"]}}],"collection":[{"href":"https:\/\/oinoforoswineryevents.com\/tr\/wp-json\/wp\/v2\/product"}],"about":[{"href":"https:\/\/oinoforoswineryevents.com\/tr\/wp-json\/wp\/v2\/types\/product"}],"replies":[{"embeddable":true,"href":"https:\/\/oinoforoswineryevents.com\/tr\/wp-json\/wp\/v2\/comments?post=1663"}],"version-history":[{"count":3,"href":"https:\/\/oinoforoswineryevents.com\/tr\/wp-json\/wp\/v2\/product\/1663\/revisions"}],"predecessor-version":[{"id":3645,"href":"https:\/\/oinoforoswineryevents.com\/tr\/wp-json\/wp\/v2\/product\/1663\/revisions\/3645"}],"wp:featuredmedia":[{"embeddable":true,"href":"https:\/\/oinoforoswineryevents.com\/tr\/wp-json\/wp\/v2\/media\/1467"}],"wp:attachment":[{"href":"https:\/\/oinoforoswineryevents.com\/tr\/wp-json\/wp\/v2\/media?parent=1663"}],"wp:term":[{"taxonomy":"product_brand","embeddable":true,"href":"https:\/\/oinoforoswineryevents.com\/tr\/wp-json\/wp\/v2\/product_brand?post=1663"},{"taxonomy":"product_cat","embeddable":true,"href":"https:\/\/oinoforoswineryevents.com\/tr\/wp-json\/wp\/v2\/product_cat?post=1663"},{"taxonomy":"product_tag","embeddable":true,"href":"https:\/\/oinoforoswineryevents.com\/tr\/wp-json\/wp\/v2\/product_tag?post=1663"}],"curies":[{"name":"wp","href":"https:\/\/api.w.org\/{rel}","templated":true}]}}