{"id":1652,"date":"2025-04-17T15:36:42","date_gmt":"2025-04-17T15:36:42","guid":{"rendered":"https:\/\/oinoforoswineryevents.com\/shop\/sofra-sarabi-kirmizi-5-10-l\/"},"modified":"2025-05-01T08:21:08","modified_gmt":"2025-05-01T08:21:08","slug":"sofra-sarabi-kirmizi-5-10-l","status":"publish","type":"product","link":"https:\/\/oinoforoswineryevents.com\/tr\/shop\/sofra-sarabi-kirmizi-5-10-l\/","title":{"rendered":"Sofra \u015earab\u0131 K\u0131rm\u0131z\u0131 5 \/ 10 L"},"content":{"rendered":"<p>\u015earaphanemiz, 5 lt ve 10 lt ambalajlarda k\u0131rm\u0131z\u0131 (sek ve yar\u0131 tatl\u0131), beyaz (sek ve yar\u0131 tatl\u0131) ve ros\u00e9 (sek ve yar\u0131 tatl\u0131) bag-in-box \u015faraplar \u00fcretmektedir.<\/p>\n<p>Bag-in-box \u015farap sat\u0131n almakla ilgileniyorsan\u0131z l\u00fctfen bizimle (+30) 22510 44738 numaral\u0131 telefondan ileti\u015fime ge\u00e7in.<\/p>\n","protected":false},"excerpt":{"rendered":"<p>\u015earaphanemiz, 5 lt ve 10 lt ambalajlarda k\u0131rm\u0131z\u0131 (sek ve yar\u0131 tatl\u0131), beyaz (sek ve yar\u0131 tatl\u0131) ve ros\u00e9 (sek ve yar\u0131 tatl\u0131) bag-in-box \u015faraplar \u00fcretmektedir. Bag-in-box \u015farap sat\u0131n almakla ilgileniyorsan\u0131z l\u00fctfen bizimle (+30) 22510 44738 numaral\u0131 telefondan ileti\u015fime ge\u00e7in.<\/p>\n","protected":false},"featured_media":1485,"comment_status":"open","ping_status":"closed","template":"","meta":{"_acf_changed":false},"product_brand":[],"product_cat":[39],"product_tag":[],"class_list":{"0":"post-1652","1":"product","2":"type-product","3":"status-publish","4":"has-post-thumbnail","6":"product_cat-kirmizi-kuru","8":"first","9":"instock","10":"taxable","11":"shipping-taxable","12":"product-type-simple"},"acf":[],"_links":{"self":[{"href":"https:\/\/oinoforoswineryevents.com\/tr\/wp-json\/wp\/v2\/product\/1652","targetHints":{"allow":["GET"]}}],"collection":[{"href":"https:\/\/oinoforoswineryevents.com\/tr\/wp-json\/wp\/v2\/product"}],"about":[{"href":"https:\/\/oinoforoswineryevents.com\/tr\/wp-json\/wp\/v2\/types\/product"}],"replies":[{"embeddable":true,"href":"https:\/\/oinoforoswineryevents.com\/tr\/wp-json\/wp\/v2\/comments?post=1652"}],"version-history":[{"count":0,"href":"https:\/\/oinoforoswineryevents.com\/tr\/wp-json\/wp\/v2\/product\/1652\/revisions"}],"wp:featuredmedia":[{"embeddable":true,"href":"https:\/\/oinoforoswineryevents.com\/tr\/wp-json\/wp\/v2\/media\/1485"}],"wp:attachment":[{"href":"https:\/\/oinoforoswineryevents.com\/tr\/wp-json\/wp\/v2\/media?parent=1652"}],"wp:term":[{"taxonomy":"product_brand","embeddable":true,"href":"https:\/\/oinoforoswineryevents.com\/tr\/wp-json\/wp\/v2\/product_brand?post=1652"},{"taxonomy":"product_cat","embeddable":true,"href":"https:\/\/oinoforoswineryevents.com\/tr\/wp-json\/wp\/v2\/product_cat?post=1652"},{"taxonomy":"product_tag","embeddable":true,"href":"https:\/\/oinoforoswineryevents.com\/tr\/wp-json\/wp\/v2\/product_tag?post=1652"}],"curies":[{"name":"wp","href":"https:\/\/api.w.org\/{rel}","templated":true}]}}