{"id":1650,"date":"2025-04-17T15:37:51","date_gmt":"2025-04-17T15:37:51","guid":{"rendered":"https:\/\/oinoforoswineryevents.com\/shop\/rose-sofra-sarabi-5l-10l\/"},"modified":"2025-05-01T08:20:36","modified_gmt":"2025-05-01T08:20:36","slug":"rose-sofra-sarabi-5l-10l","status":"publish","type":"product","link":"https:\/\/oinoforoswineryevents.com\/tr\/shop\/rose-sofra-sarabi-5l-10l\/","title":{"rendered":"Ros\u00e9 Sofra \u015earab\u0131 \u2013 5L \/ 10L"},"content":{"rendered":"<p>\u015earaphanemiz, 5 lt ve 10 lt ambalajlarda k\u0131rm\u0131z\u0131 (sek ve yar\u0131 tatl\u0131), beyaz (sek ve yar\u0131 tatl\u0131) ve ros\u00e9 (sek ve yar\u0131 tatl\u0131) bag-in-box \u015faraplar \u00fcretmektedir.<\/p>\n<p>Bag-in-box \u015farap sat\u0131n almakla ilgileniyorsan\u0131z l\u00fctfen bizimle (+30) 22510 44738 numaral\u0131 telefondan ileti\u015fime ge\u00e7in.<\/p>\n","protected":false},"excerpt":{"rendered":"<p>\u015earaphanemiz, 5 lt ve 10 lt ambalajlarda k\u0131rm\u0131z\u0131 (sek ve yar\u0131 tatl\u0131), beyaz (sek ve yar\u0131 tatl\u0131) ve ros\u00e9 (sek ve yar\u0131 tatl\u0131) bag-in-box \u015faraplar \u00fcretmektedir. Bag-in-box \u015farap sat\u0131n almakla ilgileniyorsan\u0131z l\u00fctfen bizimle (+30) 22510 44738 numaral\u0131 telefondan ileti\u015fime ge\u00e7in.<\/p>\n","protected":false},"featured_media":1487,"comment_status":"open","ping_status":"closed","template":"","meta":{"_acf_changed":false},"product_brand":[],"product_cat":[37],"product_tag":[],"class_list":{"0":"post-1650","1":"product","2":"type-product","3":"status-publish","4":"has-post-thumbnail","6":"product_cat-sek-rose","8":"first","9":"instock","10":"taxable","11":"shipping-taxable","12":"product-type-simple"},"acf":[],"_links":{"self":[{"href":"https:\/\/oinoforoswineryevents.com\/tr\/wp-json\/wp\/v2\/product\/1650","targetHints":{"allow":["GET"]}}],"collection":[{"href":"https:\/\/oinoforoswineryevents.com\/tr\/wp-json\/wp\/v2\/product"}],"about":[{"href":"https:\/\/oinoforoswineryevents.com\/tr\/wp-json\/wp\/v2\/types\/product"}],"replies":[{"embeddable":true,"href":"https:\/\/oinoforoswineryevents.com\/tr\/wp-json\/wp\/v2\/comments?post=1650"}],"version-history":[{"count":0,"href":"https:\/\/oinoforoswineryevents.com\/tr\/wp-json\/wp\/v2\/product\/1650\/revisions"}],"wp:featuredmedia":[{"embeddable":true,"href":"https:\/\/oinoforoswineryevents.com\/tr\/wp-json\/wp\/v2\/media\/1487"}],"wp:attachment":[{"href":"https:\/\/oinoforoswineryevents.com\/tr\/wp-json\/wp\/v2\/media?parent=1650"}],"wp:term":[{"taxonomy":"product_brand","embeddable":true,"href":"https:\/\/oinoforoswineryevents.com\/tr\/wp-json\/wp\/v2\/product_brand?post=1650"},{"taxonomy":"product_cat","embeddable":true,"href":"https:\/\/oinoforoswineryevents.com\/tr\/wp-json\/wp\/v2\/product_cat?post=1650"},{"taxonomy":"product_tag","embeddable":true,"href":"https:\/\/oinoforoswineryevents.com\/tr\/wp-json\/wp\/v2\/product_tag?post=1650"}],"curies":[{"name":"wp","href":"https:\/\/api.w.org\/{rel}","templated":true}]}}