{"id":2807,"date":"2025-05-06T13:20:29","date_gmt":"2025-05-06T13:20:29","guid":{"rendered":"https:\/\/oinoforoswineryevents.com\/gallery3\/"},"modified":"2025-05-21T09:13:31","modified_gmt":"2025-05-21T09:13:31","slug":"gallery3","status":"publish","type":"page","link":"https:\/\/oinoforoswineryevents.com\/tr\/gallery3\/","title":{"rendered":"Gallery3"},"content":{"rendered":"\t\t<div data-elementor-type=\"wp-page\" data-elementor-id=\"2807\" class=\"elementor elementor-2807 elementor-1852\">\n\t\t\t\t<div class=\"elementor-element elementor-element-df31d69 e-flex e-con-boxed e-con e-parent\" data-id=\"df31d69\" data-element_type=\"container\" data-settings=\"{&quot;background_background&quot;:&quot;classic&quot;}\">\n\t\t\t\t\t<div class=\"e-con-inner\">\n\t\t\t\t<div class=\"elementor-element elementor-element-a7c081d elementor-widget elementor-widget-heading\" data-id=\"a7c081d\" data-element_type=\"widget\" data-widget_type=\"heading.default\">\n\t\t\t\t<div class=\"elementor-widget-container\">\n\t\t\t\t\t<h2 class=\"elementor-heading-title elementor-size-default\">Konserlel<\/h2>\t\t\t\t<\/div>\n\t\t\t\t<\/div>\n\t\t\t\t\t<\/div>\n\t\t\t\t<\/div>\n\t\t<div class=\"elementor-element elementor-element-12a647f e-grid e-con-boxed e-con e-parent\" data-id=\"12a647f\" data-element_type=\"container\">\n\t\t\t\t\t<div class=\"e-con-inner\">\n\t\t\t\t<div class=\"elementor-element elementor-element-d6d6518 elementor-widget elementor-widget-ecafe-grid-post-listing\" data-id=\"d6d6518\" data-element_type=\"widget\" data-widget_type=\"ecafe-grid-post-listing.default\">\n\t\t\t\t\t<div class=\"eca-post-grid-listing-wrap eca-isotope eca-isotope-grid listing-style-1 post6a032f5f583a1\" data-settings='{\"id\":\"post6a032f5f583a1\",\"selectPostType\":\"concert\",\"style\":\"style-1\",\"postLayout\":\"fitRows\",\"selectTaxonomy\":\"category\",\"ecrtl\":true,\"relayoutissue\":true,\"postCategory\":null,\"postTags\":null,\"taxonomyInclude\":\"\",\"postsInclude\":\"\",\"postsExclude\":\"\",\"numberOfPosts\":100,\"postsOffset\":\"\",\"postsOrderBy\":\"date\",\"postsOrder\":\"DESC\",\"showImage\":\"yes\",\"imageSize\":\"full\",\"showTitle\":\"yes\",\"titleTag\":\"h2\",\"titleLength\":\"\",\"showExcerpt\":\"yes\",\"postExcerptLength\":30,\"showPostMeta\":\"\",\"postMetaStyle\":null,\"postUserMeta\":null,\"prefixTextPostUserMeta\":null,\"postDateMeta\":null,\"readMoreButton\":\"yes\",\"buttonHoverEffectH\":\"no\",\"buttonEffectPosH\":null,\"readButtonText\":\"Bilet Sat\\u0131n Al\",\"filterPost\":\"no\",\"totalPage\":2}'><div class=\"eca-post-listing-inner eca-row\"><div class=\"eca-no-posts-found\">Yak\u0131nda bir konser etkinli\u011fi bulunmamaktad\u0131r.<\/div><\/div><\/div>\t\t\t\t<\/div>\n\t\t\t\t<div class=\"elementor-element elementor-element-9a5f5fd elementor-widget elementor-widget-html\" data-id=\"9a5f5fd\" data-element_type=\"widget\" data-widget_type=\"html.default\">\n\t\t\t\t<div class=\"elementor-widget-container\">\n\t\t\t\t\t<script>document.addEventListener('DOMContentLoaded', function () {\n  document.querySelectorAll('.eca-post-read-more').forEach(function (btn) {\n    const article = btn.closest('article');\n    if (!article) return;\n\n    \/\/ Extract post ID from id=\"post-2662\"\n    const postIdMatch = article.id.match(\/^post-(\\d+)\/);\n    if (!postIdMatch) return;\n\n    const postId = postIdMatch[1];\n\n    \/\/ Replace \"concert\" with your actual post type slug if needed\n    fetch(`\/wp-json\/wp\/v2\/concert\/${postId}`)\n      .then(response => response.json())\n      .then(data => {\n        if (data.acf && data.acf.url) {\n          btn.setAttribute('href', data.acf.url);\n          btn.setAttribute('target', '_blank');\n          btn.setAttribute('rel', 'noopener');\n        }\n      })\n      .catch(err => {\n        console.error('Error fetching ACF URL for post', postId, err);\n      });\n  });\n});\n<\/script>\t\t\t\t<\/div>\n\t\t\t\t<\/div>\n\t\t\t\t\t<\/div>\n\t\t\t\t<\/div>\n\t\t<div class=\"elementor-element elementor-element-2375bcb e-flex e-con-boxed e-con e-parent\" data-id=\"2375bcb\" data-element_type=\"container\">\n\t\t\t\t\t<div class=\"e-con-inner\">\n\t\t\t\t<div class=\"elementor-element elementor-element-a26b219 elementor-widget elementor-widget-text-editor\" data-id=\"a26b219\" data-element_type=\"widget\" data-widget_type=\"text-editor.default\">\n\t\t\t\t<div class=\"elementor-widget-container\">\n\t\t\t\t\t\t\t\t\t<p>Lesvos Oinoforos, d\u00fcnya \u00e7ap\u0131nda tan\u0131nan sanat\u00e7\u0131lar\u0131n, yorumcular\u0131n ve m\u00fczisyenlerin kat\u0131l\u0131m\u0131yla, her m\u00fczik t\u00fcr\u00fcn\u00fc kapsayan konserlerin d\u00fczenlenmesinde ve ev sahipli\u011finde \u00f6nc\u00fcl\u00fck etmektedir. \u00d6zel olarak tasarlanm\u0131\u015f i\u00e7 ve d\u0131\u015f mekanlarda, uygun g\u00f6rsel-i\u015fitsel ko\u015fullar ve modern teknolojik ekipmanlarla unutulmaz etkinlikler sunulmaktad\u0131r. Ziyaret\u00e7ilerine e\u011flence dolu anlar ya\u015fatan bu dinlenme alan\u0131, sanat\u00e7\u0131lar ve hayranlar\u0131 i\u00e7in silinmez an\u0131lar b\u0131rakmaktad\u0131r. Kuzeydo\u011fu Ege&#8217;nin hakl\u0131 olarak &#8216;k\u00fclt\u00fcr be\u015fi\u011fi&#8217; olarak an\u0131lmas\u0131n\u0131n arkas\u0131nda bu vizyon yatmaktad\u0131r.  <\/p>\t\t\t\t\t\t\t\t<\/div>\n\t\t\t\t<\/div>\n\t\t\t\t\t<\/div>\n\t\t\t\t<\/div>\n\t\t<div class=\"elementor-element elementor-element-4f5591b e-flex e-con-boxed e-con e-parent\" data-id=\"4f5591b\" data-element_type=\"container\">\n\t\t\t\t\t<div class=\"e-con-inner\">\n\t\t\t\t<div class=\"elementor-element elementor-element-3c6afe2 e-n-tabs-mobile elementor-widget elementor-widget-n-tabs\" data-id=\"3c6afe2\" data-element_type=\"widget\" data-settings=\"{&quot;horizontal_scroll&quot;:&quot;disable&quot;}\" data-widget_type=\"nested-tabs.default\">\n\t\t\t\t<div class=\"elementor-widget-container\">\n\t\t\t\t\t\t\t<div class=\"e-n-tabs\" data-widget-number=\"63352802\" aria-label=\"Sekmeler. Enter ve Space ile \u00f6geleri a\u00e7abilir, Escape ile \u00f6geleri kapatabilir ve Y\u00f6n tu\u015flar\u0131 ile \u00f6geler aras\u0131nda gezinebilirsiniz.\">\n\t\t\t<div class=\"e-n-tabs-heading\" role=\"tablist\">\n\t\t\t\t\t<button id=\"e-n-tab-title-633528021\" class=\"e-n-tab-title\" aria-selected=\"true\" data-tab-index=\"1\" role=\"tab\" tabindex=\"0\" aria-controls=\"e-n-tab-content-633528021\" style=\"--n-tabs-title-order: 1;\">\n\t\t\t\t\t\t<span class=\"e-n-tab-title-text\">\n\t\t\t\tA\u00e7\u0131k Alan\t\t\t<\/span>\n\t\t<\/button>\n\t\t\t\t<button id=\"e-n-tab-title-633528022\" class=\"e-n-tab-title\" aria-selected=\"false\" data-tab-index=\"2\" role=\"tab\" tabindex=\"-1\" aria-controls=\"e-n-tab-content-633528022\" style=\"--n-tabs-title-order: 2;\">\n\t\t\t\t\t\t<span class=\"e-n-tab-title-text\">\n\t\t\t\tKapal\u0131 Alan\t\t\t<\/span>\n\t\t<\/button>\n\t\t\t\t\t<\/div>\n\t\t\t<div class=\"e-n-tabs-content\">\n\t\t\t\t<div id=\"e-n-tab-content-633528021\" role=\"tabpanel\" aria-labelledby=\"e-n-tab-title-633528021\" data-tab-index=\"1\" style=\"--n-tabs-title-order: 1;\" class=\"e-active elementor-element elementor-element-a7cb47a e-con-full e-flex e-con e-child\" data-id=\"a7cb47a\" data-element_type=\"container\">\n\t\t<div class=\"elementor-element elementor-element-39833b4 e-flex e-con-boxed e-con e-child\" data-id=\"39833b4\" data-element_type=\"container\">\n\t\t\t\t\t<div class=\"e-con-inner\">\n\t\t<div class=\"elementor-element elementor-element-7c7e3bc e-con-full e-flex e-con e-child\" data-id=\"7c7e3bc\" data-element_type=\"container\" data-settings=\"{&quot;background_background&quot;:&quot;classic&quot;}\">\n\t\t\t\t<\/div>\n\t\t<div class=\"elementor-element elementor-element-60727a4 e-con-full e-flex e-con e-child\" data-id=\"60727a4\" data-element_type=\"container\" data-settings=\"{&quot;background_background&quot;:&quot;classic&quot;}\">\n\t\t\t\t<\/div>\n\t\t<div class=\"elementor-element elementor-element-4da734a e-con-full e-flex e-con e-child\" data-id=\"4da734a\" data-element_type=\"container\" data-settings=\"{&quot;background_background&quot;:&quot;classic&quot;}\">\n\t\t\t\t<\/div>\n\t\t\t\t\t<\/div>\n\t\t\t\t<\/div>\n\t\t<div class=\"elementor-element elementor-element-d2c5d9f e-flex e-con-boxed e-con e-child\" data-id=\"d2c5d9f\" data-element_type=\"container\">\n\t\t\t\t\t<div class=\"e-con-inner\">\n\t\t<div class=\"elementor-element elementor-element-10ef551 e-con-full e-flex e-con e-child\" data-id=\"10ef551\" data-element_type=\"container\" data-settings=\"{&quot;background_background&quot;:&quot;classic&quot;}\">\n\t\t\t\t<\/div>\n\t\t<div class=\"elementor-element elementor-element-7108cd6 e-con-full e-flex e-con e-child\" data-id=\"7108cd6\" data-element_type=\"container\" data-settings=\"{&quot;background_background&quot;:&quot;classic&quot;}\">\n\t\t\t\t<\/div>\n\t\t<div class=\"elementor-element elementor-element-8d0203d e-con-full e-flex e-con e-child\" data-id=\"8d0203d\" data-element_type=\"container\" data-settings=\"{&quot;background_background&quot;:&quot;classic&quot;}\">\n\t\t\t\t<\/div>\n\t\t\t\t\t<\/div>\n\t\t\t\t<\/div>\n\t\t<div class=\"elementor-element elementor-element-533e1d5 e-flex e-con-boxed e-con e-child\" data-id=\"533e1d5\" data-element_type=\"container\">\n\t\t\t\t\t<div class=\"e-con-inner\">\n\t\t<div class=\"elementor-element elementor-element-23a7d7f e-con-full e-flex e-con e-child\" data-id=\"23a7d7f\" data-element_type=\"container\" data-settings=\"{&quot;background_background&quot;:&quot;classic&quot;}\">\n\t\t\t\t<\/div>\n\t\t<div class=\"elementor-element elementor-element-8e91fbf e-con-full e-flex e-con e-child\" data-id=\"8e91fbf\" data-element_type=\"container\" data-settings=\"{&quot;background_background&quot;:&quot;classic&quot;}\">\n\t\t\t\t<\/div>\n\t\t<div class=\"elementor-element elementor-element-0f79c54 e-con-full e-flex e-con e-child\" data-id=\"0f79c54\" data-element_type=\"container\" data-settings=\"{&quot;background_background&quot;:&quot;classic&quot;}\">\n\t\t\t\t<\/div>\n\t\t\t\t\t<\/div>\n\t\t\t\t<\/div>\n\t\t<div class=\"elementor-element elementor-element-6cee23d e-flex e-con-boxed e-con e-child\" data-id=\"6cee23d\" data-element_type=\"container\">\n\t\t\t\t\t<div class=\"e-con-inner\">\n\t\t<div class=\"elementor-element elementor-element-064a62c e-con-full e-flex e-con e-child\" data-id=\"064a62c\" data-element_type=\"container\" data-settings=\"{&quot;background_background&quot;:&quot;classic&quot;}\">\n\t\t\t\t<\/div>\n\t\t<div class=\"elementor-element elementor-element-2cb0408 e-con-full e-flex e-con e-child\" data-id=\"2cb0408\" data-element_type=\"container\" data-settings=\"{&quot;background_background&quot;:&quot;classic&quot;}\">\n\t\t\t\t<\/div>\n\t\t<div class=\"elementor-element elementor-element-2b9c720 e-con-full e-flex e-con e-child\" data-id=\"2b9c720\" data-element_type=\"container\" data-settings=\"{&quot;background_background&quot;:&quot;classic&quot;}\">\n\t\t\t\t<\/div>\n\t\t\t\t\t<\/div>\n\t\t\t\t<\/div>\n\t\t\t\t<\/div>\n\t\t<div id=\"e-n-tab-content-633528022\" role=\"tabpanel\" aria-labelledby=\"e-n-tab-title-633528022\" data-tab-index=\"2\" style=\"--n-tabs-title-order: 2;\" class=\" elementor-element elementor-element-13cc0a2 e-con-full e-flex e-con e-child\" data-id=\"13cc0a2\" data-element_type=\"container\">\n\t\t<div class=\"elementor-element elementor-element-64cc9ab e-flex e-con-boxed e-con e-child\" data-id=\"64cc9ab\" data-element_type=\"container\">\n\t\t\t\t\t<div class=\"e-con-inner\">\n\t\t<div class=\"elementor-element elementor-element-a92e3fb e-con-full e-flex e-con e-child\" data-id=\"a92e3fb\" data-element_type=\"container\" data-settings=\"{&quot;background_background&quot;:&quot;classic&quot;}\">\n\t\t\t\t<\/div>\n\t\t<div class=\"elementor-element elementor-element-154dd9b e-con-full e-flex e-con e-child\" data-id=\"154dd9b\" data-element_type=\"container\" data-settings=\"{&quot;background_background&quot;:&quot;classic&quot;}\">\n\t\t\t\t<\/div>\n\t\t<div class=\"elementor-element elementor-element-6757c3b e-con-full e-flex e-con e-child\" data-id=\"6757c3b\" data-element_type=\"container\" data-settings=\"{&quot;background_background&quot;:&quot;classic&quot;}\">\n\t\t\t\t<\/div>\n\t\t\t\t\t<\/div>\n\t\t\t\t<\/div>\n\t\t<div class=\"elementor-element elementor-element-4ea8be7 e-flex e-con-boxed e-con e-child\" data-id=\"4ea8be7\" data-element_type=\"container\">\n\t\t\t\t\t<div class=\"e-con-inner\">\n\t\t<div class=\"elementor-element elementor-element-4f3750c e-con-full e-flex e-con e-child\" data-id=\"4f3750c\" data-element_type=\"container\" data-settings=\"{&quot;background_background&quot;:&quot;classic&quot;}\">\n\t\t\t\t<\/div>\n\t\t<div class=\"elementor-element elementor-element-c2fed83 e-con-full e-flex e-con e-child\" data-id=\"c2fed83\" data-element_type=\"container\" data-settings=\"{&quot;background_background&quot;:&quot;classic&quot;}\">\n\t\t\t\t<\/div>\n\t\t<div class=\"elementor-element elementor-element-cfc63e8 e-con-full e-flex e-con e-child\" data-id=\"cfc63e8\" data-element_type=\"container\" data-settings=\"{&quot;background_background&quot;:&quot;classic&quot;}\">\n\t\t\t\t<\/div>\n\t\t\t\t\t<\/div>\n\t\t\t\t<\/div>\n\t\t<div class=\"elementor-element elementor-element-b7be097 e-flex e-con-boxed e-con e-child\" data-id=\"b7be097\" data-element_type=\"container\">\n\t\t\t\t\t<div class=\"e-con-inner\">\n\t\t<div class=\"elementor-element elementor-element-fec51f0 e-con-full e-flex e-con e-child\" data-id=\"fec51f0\" data-element_type=\"container\" data-settings=\"{&quot;background_background&quot;:&quot;classic&quot;}\">\n\t\t\t\t<\/div>\n\t\t<div class=\"elementor-element elementor-element-4cb8120 e-con-full e-flex e-con e-child\" data-id=\"4cb8120\" data-element_type=\"container\" data-settings=\"{&quot;background_background&quot;:&quot;classic&quot;}\">\n\t\t\t\t<\/div>\n\t\t<div class=\"elementor-element elementor-element-e0b3a8a e-con-full e-flex e-con e-child\" data-id=\"e0b3a8a\" data-element_type=\"container\" data-settings=\"{&quot;background_background&quot;:&quot;classic&quot;}\">\n\t\t\t\t<\/div>\n\t\t\t\t\t<\/div>\n\t\t\t\t<\/div>\n\t\t<div class=\"elementor-element elementor-element-280fe10 e-flex e-con-boxed e-con e-child\" data-id=\"280fe10\" data-element_type=\"container\">\n\t\t\t\t\t<div class=\"e-con-inner\">\n\t\t<div class=\"elementor-element elementor-element-9e765ea e-con-full e-flex e-con e-child\" data-id=\"9e765ea\" data-element_type=\"container\" data-settings=\"{&quot;background_background&quot;:&quot;classic&quot;}\">\n\t\t\t\t<\/div>\n\t\t<div class=\"elementor-element elementor-element-ba513e1 e-con-full e-flex e-con e-child\" data-id=\"ba513e1\" data-element_type=\"container\" data-settings=\"{&quot;background_background&quot;:&quot;classic&quot;}\">\n\t\t\t\t<\/div>\n\t\t<div class=\"elementor-element elementor-element-65861e8 e-con-full e-flex e-con e-child\" data-id=\"65861e8\" data-element_type=\"container\" data-settings=\"{&quot;background_background&quot;:&quot;classic&quot;}\">\n\t\t\t\t<\/div>\n\t\t\t\t\t<\/div>\n\t\t\t\t<\/div>\n\t\t\t\t<\/div>\n\t\t\t\t\t<\/div>\n\t\t<\/div>\n\t\t\t\t\t\t<\/div>\n\t\t\t\t<\/div>\n\t\t\t\t\t<\/div>\n\t\t\t\t<\/div>\n\t\t<div class=\"elementor-element elementor-element-de289e8 e-flex e-con-boxed e-con e-parent\" data-id=\"de289e8\" data-element_type=\"container\">\n\t\t\t\t\t<div class=\"e-con-inner\">\n\t\t\t\t<div class=\"elementor-element elementor-element-5c43d12 elementor-widget elementor-widget-html\" data-id=\"5c43d12\" data-element_type=\"widget\" data-widget_type=\"html.default\">\n\t\t\t\t<div class=\"elementor-widget-container\">\n\t\t\t\t\t<script>document.addEventListener(\"DOMContentLoaded\", function () {\r\n  const hash = window.location.hash;\r\n\r\n  \/\/ Map hash values to tab indices\r\n  const tabMap = {\r\n    \"#tab2\": \"2\",\r\n    \"#tab3\": \"3\"\r\n  };\r\n\r\n  const targetIndex = tabMap[hash];\r\n  if (targetIndex) {\r\n    const tabButton = document.querySelector(`[data-tab-index=\"${targetIndex}\"]`);\r\n    if (tabButton) {\r\n      setTimeout(() => {\r\n        tabButton.click();\r\n      }, 100); \/\/ Adjust delay if needed\r\n    }\r\n  }\r\n});\r\n<\/script>\t\t\t\t<\/div>\n\t\t\t\t<\/div>\n\t\t\t\t\t<\/div>\n\t\t\t\t<\/div>\n\t\t\t\t<\/div>\n\t\t","protected":false},"excerpt":{"rendered":"<p>Konserlel \u03a6\u0395\u03a1\u03a1\u0397\u03a3 \u03a0\u0391\u03a1\u0391\u03a3\u039a\u0395\u03a5\u0397 18\/07\/2025 Bilet Sat\u0131n Al \u0399\u0391\u039a\u03a9\u0392\u0399\u0394\u0397\u03a3 \u03a3\u0391\u0392\u0392\u0391\u03a4\u039f 09\/08\/2025 Bilet Sat\u0131n Al \u039c\u0391\u039a\u03a1\u039f\u03a0\u039f\u03a5\u039b\u039f\u03a3 \u03a3\u0391\u0392\u0392\u0391\u03a4\u039f 02\/08\/2025 Bilet Sat\u0131n Al Lesvos Oinoforos, d\u00fcnya \u00e7ap\u0131nda tan\u0131nan sanat\u00e7\u0131lar\u0131n, yorumcular\u0131n ve m\u00fczisyenlerin kat\u0131l\u0131m\u0131yla, her m\u00fczik t\u00fcr\u00fcn\u00fc kapsayan konserlerin d\u00fczenlenmesinde ve ev sahipli\u011finde \u00f6nc\u00fcl\u00fck etmektedir. \u00d6zel olarak tasarlanm\u0131\u015f i\u00e7 ve d\u0131\u015f mekanlarda, uygun g\u00f6rsel-i\u015fitsel ko\u015fullar ve modern teknolojik ekipmanlarla unutulmaz [&hellip;]<\/p>\n","protected":false},"author":1,"featured_media":0,"parent":0,"menu_order":0,"comment_status":"closed","ping_status":"closed","template":"","meta":{"_acf_changed":false,"footnotes":""},"class_list":["post-2807","page","type-page","status-publish","hentry"],"acf":[],"_links":{"self":[{"href":"https:\/\/oinoforoswineryevents.com\/tr\/wp-json\/wp\/v2\/pages\/2807","targetHints":{"allow":["GET"]}}],"collection":[{"href":"https:\/\/oinoforoswineryevents.com\/tr\/wp-json\/wp\/v2\/pages"}],"about":[{"href":"https:\/\/oinoforoswineryevents.com\/tr\/wp-json\/wp\/v2\/types\/page"}],"author":[{"embeddable":true,"href":"https:\/\/oinoforoswineryevents.com\/tr\/wp-json\/wp\/v2\/users\/1"}],"replies":[{"embeddable":true,"href":"https:\/\/oinoforoswineryevents.com\/tr\/wp-json\/wp\/v2\/comments?post=2807"}],"version-history":[{"count":3,"href":"https:\/\/oinoforoswineryevents.com\/tr\/wp-json\/wp\/v2\/pages\/2807\/revisions"}],"predecessor-version":[{"id":3170,"href":"https:\/\/oinoforoswineryevents.com\/tr\/wp-json\/wp\/v2\/pages\/2807\/revisions\/3170"}],"wp:attachment":[{"href":"https:\/\/oinoforoswineryevents.com\/tr\/wp-json\/wp\/v2\/media?parent=2807"}],"curies":[{"name":"wp","href":"https:\/\/api.w.org\/{rel}","templated":true}]}}