{"id":2010,"date":"2025-05-06T13:27:21","date_gmt":"2025-05-06T13:27:21","guid":{"rendered":"https:\/\/oinoforoswineryevents.com\/religious\/"},"modified":"2025-06-12T09:42:02","modified_gmt":"2025-06-12T09:42:02","slug":"religious","status":"publish","type":"page","link":"https:\/\/oinoforoswineryevents.com\/tr\/religious\/","title":{"rendered":"Religious"},"content":{"rendered":"\t\t<div data-elementor-type=\"wp-page\" data-elementor-id=\"2010\" class=\"elementor elementor-2010 elementor-1872\">\n\t\t\t\t<div class=\"elementor-element elementor-element-2fcb418 e-flex e-con-boxed e-con e-parent\" data-id=\"2fcb418\" data-element_type=\"container\" data-settings=\"{&quot;background_background&quot;:&quot;classic&quot;}\">\n\t\t\t\t\t<div class=\"e-con-inner\">\n\t\t\t\t<div class=\"elementor-element elementor-element-2432d7b elementor-widget elementor-widget-heading\" data-id=\"2432d7b\" data-element_type=\"widget\" data-widget_type=\"heading.default\">\n\t\t\t\t<div class=\"elementor-widget-container\">\n\t\t\t\t\t<h2 class=\"elementor-heading-title elementor-size-default\">Religious tourism<\/h2>\t\t\t\t<\/div>\n\t\t\t\t<\/div>\n\t\t\t\t\t<\/div>\n\t\t\t\t<\/div>\n\t\t<div class=\"elementor-element elementor-element-5b6bcae e-flex e-con-boxed e-con e-parent\" data-id=\"5b6bcae\" data-element_type=\"container\">\n\t\t\t\t\t<div class=\"e-con-inner\">\n\t\t<div class=\"elementor-element elementor-element-bfe05fe e-flex e-con-boxed e-con e-child\" data-id=\"bfe05fe\" data-element_type=\"container\" data-settings=\"{&quot;background_background&quot;:&quot;classic&quot;}\">\n\t\t\t\t\t<div class=\"e-con-inner\">\n\t\t<div class=\"elementor-element elementor-element-5e351b2 e-con-full e-flex e-con e-child\" data-id=\"5e351b2\" data-element_type=\"container\">\n\t\t\t\t<div class=\"elementor-element elementor-element-1cfddff elementor-widget elementor-widget-image\" data-id=\"1cfddff\" data-element_type=\"widget\" data-widget_type=\"image.default\">\n\t\t\t\t<div class=\"elementor-widget-container\">\n\t\t\t\t\t\t\t\t\t\t\t\t\t\t\t<img fetchpriority=\"high\" decoding=\"async\" width=\"721\" height=\"566\" src=\"https:\/\/oinoforoswineryevents.com\/wp-content\/uploads\/2025\/05\/religious1.webp\" class=\"attachment-full size-full wp-image-1980\" alt=\"\" srcset=\"https:\/\/oinoforoswineryevents.com\/wp-content\/uploads\/2025\/05\/religious1.webp 721w, https:\/\/oinoforoswineryevents.com\/wp-content\/uploads\/2025\/05\/religious1-300x236.webp 300w, https:\/\/oinoforoswineryevents.com\/wp-content\/uploads\/2025\/05\/religious1-600x471.webp 600w\" sizes=\"(max-width: 721px) 100vw, 721px\" \/>\t\t\t\t\t\t\t\t\t\t\t\t\t\t\t<\/div>\n\t\t\t\t<\/div>\n\t\t\t\t<\/div>\n\t\t<div class=\"elementor-element elementor-element-1e86fda e-con-full e-flex e-con e-child\" data-id=\"1e86fda\" data-element_type=\"container\">\n\t\t\t\t<div class=\"elementor-element elementor-element-fa0062c elementor-widget elementor-widget-heading\" data-id=\"fa0062c\" data-element_type=\"widget\" data-widget_type=\"heading.default\">\n\t\t\t\t<div class=\"elementor-widget-container\">\n\t\t\t\t\t<h2 class=\"elementor-heading-title elementor-size-default\">Taxiarches Mihail Manast\u0131r\u0131 (Mandamados)<\/h2>\t\t\t\t<\/div>\n\t\t\t\t<\/div>\n\t\t\t\t<div class=\"elementor-element elementor-element-49183b9 elementor-widget elementor-widget-text-editor\" data-id=\"49183b9\" data-element_type=\"widget\" data-widget_type=\"text-editor.default\">\n\t\t\t\t<div class=\"elementor-widget-container\">\n\t\t\t\t\t\t\t\t\tEfsaneye g\u00f6re, manast\u0131r, Sarazen korsanlar\u0131 taraf\u0131ndan ele ge\u00e7irilmi\u015f ve rahipler katledilmi\u015ftir. Sadece bir gen\u00e7 rahip, kilisenin \u00e7at\u0131s\u0131na saklanarak hayatta kalm\u0131\u015ft\u0131r. Katliam\u0131n ard\u0131ndan, oradan, Arhangel (Taxiarches) Mihail&#8217;in rahiplerin bedenlerinin \u00fczerinde u\u00e7tu\u011funu g\u00f6rm\u00fc\u015ft\u00fcr. O, mum ve rahiplerin kan\u0131na bat\u0131r\u0131lm\u0131\u015f toprak alarak, Arhangel&#8217;in \u015fekline sokmu\u015ftur. Kilise, Dirili\u015f&#8217;ten iki hafta sonra, Myroforon Pazar\u0131nda b\u00fcy\u00fck bir dini ve ticari kutlama ile kutlan\u0131r, ayn\u0131 zamanda geleneksel bir yemek olan k\u0131ske\u015f haz\u0131rl\u0131\u011f\u0131yla birlikte, genellikle hac\u0131lara sunulur.   \t\t\t\t\t\t\t\t<\/div>\n\t\t\t\t<\/div>\n\t\t\t\t<\/div>\n\t\t\t\t\t<\/div>\n\t\t\t\t<\/div>\n\t\t\t\t\t<\/div>\n\t\t\t\t<\/div>\n\t\t<div class=\"elementor-element elementor-element-972c1bc e-flex e-con-boxed e-con e-parent\" data-id=\"972c1bc\" data-element_type=\"container\">\n\t\t\t\t\t<div class=\"e-con-inner\">\n\t\t<div class=\"elementor-element elementor-element-58342ad e-con-full e-flex e-con e-child\" data-id=\"58342ad\" data-element_type=\"container\">\n\t\t\t\t<div class=\"elementor-element elementor-element-bf3b1a2 elementor-widget elementor-widget-heading\" data-id=\"bf3b1a2\" data-element_type=\"widget\" data-widget_type=\"heading.default\">\n\t\t\t\t<div class=\"elementor-widget-container\">\n\t\t\t\t\t<h2 class=\"elementor-heading-title elementor-size-default\">Agiasou\u2019nun Meryem Ana Kilisesi<\/h2>\t\t\t\t<\/div>\n\t\t\t\t<\/div>\n\t\t\t\t<div class=\"elementor-element elementor-element-7bb1923 elementor-widget elementor-widget-text-editor\" data-id=\"7bb1923\" data-element_type=\"widget\" data-widget_type=\"text-editor.default\">\n\t\t\t\t<div class=\"elementor-widget-container\">\n\t\t\t\t\t\t\t\t\t<p>Meryem Ana&#8217;n\u0131n Uykusu Kilisesi, genellikle &#8220;Agiasou&#8217;nun Panagia&#8217;s\u0131&#8221; olarak bilinir ve adadaki en fazla ziyaret edilen kiliselerden biridir, \u00e7\u00fcnk\u00fc Meryem Ana&#8217;n\u0131n mucizevi ikonas\u0131 burada bulunmaktad\u0131r. Ancak, buras\u0131 sadece bir hac yeri olarak bilinse de, tam anlam\u0131yla tarihsel de\u011ferini yans\u0131tmaz \u00e7\u00fcnk\u00fc Bizans k\u00f6kenlerine sahip ve ikonoklazma d\u00f6nemine kadar uzanan bir tarihi vard\u0131r. Bug\u00fcnk\u00fc kilise, 1815&#8217;te in\u015fas\u0131na ba\u015flanm\u0131\u015f olup, 32,20 metre uzunlu\u011funda ve 26,20 metre geni\u015fli\u011finde etkileyici boyutlara sahip bir \u00fc\u00e7 nefli ve \u00fc\u00e7 apsisli bazilikad\u0131r.  <\/p>\t\t\t\t\t\t\t\t<\/div>\n\t\t\t\t<\/div>\n\t\t\t\t<\/div>\n\t\t<div class=\"elementor-element elementor-element-75995d8 e-con-full e-flex e-con e-child\" data-id=\"75995d8\" data-element_type=\"container\">\n\t\t\t\t<div class=\"elementor-element elementor-element-9ec84e9 elementor-widget elementor-widget-image\" data-id=\"9ec84e9\" data-element_type=\"widget\" data-widget_type=\"image.default\">\n\t\t\t\t<div class=\"elementor-widget-container\">\n\t\t\t\t\t\t\t\t\t\t\t\t\t\t\t<img decoding=\"async\" width=\"422\" height=\"603\" src=\"https:\/\/oinoforoswineryevents.com\/wp-content\/uploads\/2025\/05\/religious2.webp\" class=\"attachment-full size-full wp-image-1983\" alt=\"\" srcset=\"https:\/\/oinoforoswineryevents.com\/wp-content\/uploads\/2025\/05\/religious2.webp 422w, https:\/\/oinoforoswineryevents.com\/wp-content\/uploads\/2025\/05\/religious2-210x300.webp 210w\" sizes=\"(max-width: 422px) 100vw, 422px\" \/>\t\t\t\t\t\t\t\t\t\t\t\t\t\t\t<\/div>\n\t\t\t\t<\/div>\n\t\t\t\t<\/div>\n\t\t\t\t\t<\/div>\n\t\t\t\t<\/div>\n\t\t<div class=\"elementor-element elementor-element-1cd8dd5 e-flex e-con-boxed e-con e-parent\" data-id=\"1cd8dd5\" data-element_type=\"container\">\n\t\t\t\t\t<div class=\"e-con-inner\">\n\t\t<div class=\"elementor-element elementor-element-46ca82e e-flex e-con-boxed e-con e-child\" data-id=\"46ca82e\" data-element_type=\"container\" data-settings=\"{&quot;background_background&quot;:&quot;classic&quot;}\">\n\t\t\t\t\t<div class=\"e-con-inner\">\n\t\t<div class=\"elementor-element elementor-element-dfb7965 e-con-full e-flex e-con e-child\" data-id=\"dfb7965\" data-element_type=\"container\">\n\t\t\t\t<div class=\"elementor-element elementor-element-a59af45 elementor-widget elementor-widget-image\" data-id=\"a59af45\" data-element_type=\"widget\" data-widget_type=\"image.default\">\n\t\t\t\t<div class=\"elementor-widget-container\">\n\t\t\t\t\t\t\t\t\t\t\t\t\t\t\t<img decoding=\"async\" width=\"722\" height=\"564\" src=\"https:\/\/oinoforoswineryevents.com\/wp-content\/uploads\/2025\/05\/religious3.webp\" class=\"attachment-full size-full wp-image-1986\" alt=\"\" srcset=\"https:\/\/oinoforoswineryevents.com\/wp-content\/uploads\/2025\/05\/religious3.webp 722w, https:\/\/oinoforoswineryevents.com\/wp-content\/uploads\/2025\/05\/religious3-300x234.webp 300w, https:\/\/oinoforoswineryevents.com\/wp-content\/uploads\/2025\/05\/religious3-600x469.webp 600w\" sizes=\"(max-width: 722px) 100vw, 722px\" \/>\t\t\t\t\t\t\t\t\t\t\t\t\t\t\t<\/div>\n\t\t\t\t<\/div>\n\t\t\t\t<\/div>\n\t\t<div class=\"elementor-element elementor-element-bd058bc e-con-full e-flex e-con e-child\" data-id=\"bd058bc\" data-element_type=\"container\">\n\t\t\t\t<div class=\"elementor-element elementor-element-f14c896 elementor-widget elementor-widget-heading\" data-id=\"f14c896\" data-element_type=\"widget\" data-widget_type=\"heading.default\">\n\t\t\t\t<div class=\"elementor-widget-container\">\n\t\t\t\t\t<h2 class=\"elementor-heading-title elementor-size-default\">Aziz Raphael Manast\u0131r\u0131<\/h2>\t\t\t\t<\/div>\n\t\t\t\t<\/div>\n\t\t\t\t<div class=\"elementor-element elementor-element-db48a70 elementor-widget elementor-widget-text-editor\" data-id=\"db48a70\" data-element_type=\"widget\" data-widget_type=\"text-editor.default\">\n\t\t\t\t<div class=\"elementor-widget-container\">\n\t\t\t\t\t\t\t\t\tKarya tepe \u00fczerinde, zeytin a\u011fa\u00e7lar\u0131 aras\u0131nda yer alan bu manast\u0131r, en bilinen ibadet yerlerinden biridir. Bug\u00fcnk\u00fc manast\u0131r, 1960&#8217;l\u0131 y\u0131llarda, Bizans d\u00f6neminin farkl\u0131 iki d\u00f6neminde faaliyette olan eski bir manast\u0131r\u0131n temelleri \u00fczerine in\u015fa edilmi\u015ftir ve Osmanl\u0131lar taraf\u0131ndan 1463 y\u0131l\u0131nda tamamen y\u0131k\u0131lm\u0131\u015ft\u0131r. \t\t\t\t\t\t\t\t<\/div>\n\t\t\t\t<\/div>\n\t\t\t\t<\/div>\n\t\t\t\t\t<\/div>\n\t\t\t\t<\/div>\n\t\t\t\t\t<\/div>\n\t\t\t\t<\/div>\n\t\t<div class=\"elementor-element elementor-element-db979b7 e-flex e-con-boxed e-con e-parent\" data-id=\"db979b7\" data-element_type=\"container\">\n\t\t\t\t\t<div class=\"e-con-inner\">\n\t\t<div class=\"elementor-element elementor-element-b5489e4 e-con-full e-flex e-con e-child\" data-id=\"b5489e4\" data-element_type=\"container\">\n\t\t\t\t<div class=\"elementor-element elementor-element-06b99f8 elementor-widget elementor-widget-heading\" data-id=\"06b99f8\" data-element_type=\"widget\" data-widget_type=\"heading.default\">\n\t\t\t\t<div class=\"elementor-widget-container\">\n\t\t\t\t\t<h2 class=\"elementor-heading-title elementor-size-default\">Midilli'nin Katolik Cemaati<\/h2>\t\t\t\t<\/div>\n\t\t\t\t<\/div>\n\t\t\t\t<div class=\"elementor-element elementor-element-33d632e elementor-widget elementor-widget-text-editor\" data-id=\"33d632e\" data-element_type=\"widget\" data-widget_type=\"text-editor.default\">\n\t\t\t\t<div class=\"elementor-widget-container\">\n\t\t\t\t\t\t\t\t\t<p>Do\u011fu Ege Adalar\u0131 ve \u00f6zellikle \u0130zmir&#8217;de, 18. y\u00fczy\u0131l\u0131n ba\u015flar\u0131ndan itibaren, \u0130talyanlar, Malta\u2019l\u0131lar, Frans\u0131zlar, \u0130spanyollar gibi \u00f6nemli bir Avrupa toplulu\u011fu yerle\u015fmi\u015ftir. Bu ki\u015filer, t\u00fcccar, denizci, konsolos ve hatta macerac\u0131lar olarak \u00e7e\u015fitli roller \u00fcstlenmi\u015flerdir. Politik ve ekonomik ko\u015fullar\u0131n elveri\u015fli olmas\u0131 nedeniyle b\u00f6lgeye yerle\u015fmi\u015flerdir.<br>Ortak ba\u011flar\u0131, inand\u0131klar\u0131 Katolik dindir ve bu, pek \u00e7ok kiliselerinde odaklanm\u0131\u015ft\u0131r. Bu Avrupal\u0131lar\u0131n Katolik inan\u00e7lar\u0131n\u0131 s\u00fcrd\u00fcrmeleri her zaman Katolik Kilisesi&#8217;nin birinci \u00f6nceli\u011fi olmu\u015ftur, bu y\u00fczden Katolik cemaatlerinin bulundu\u011fu yerlerde Bat\u0131 men\u015feli manast\u0131r tarikatlar\u0131 kurulmu\u015ftur.<br>Aziz Valentine\u2019\u0131n kal\u0131nt\u0131lar\u0131, a\u015f\u0131klar\u0131n koruyucu azizi, Midilli \u015fehrinde, Lesvos Adas\u0131\u2019ndad\u0131r. Efsaneye g\u00f6re, Aziz Valentine\u2019\u0131n kal\u0131nt\u0131lar\u0131, 15. y\u00fczy\u0131lda, 1494&#8217;te \u0130talya&#8217;dan Midilli&#8217;ye, Roma \u00fczerinden \u0130stanbul\u2019a gelerek ta\u015f\u0131nm\u0131\u015ft\u0131r. Aziz\u2019in kal\u0131nt\u0131lar\u0131, Midilli\u2019nin Kato Kioski b\u00f6lgesindeki Aziz Valentine Kilisesi&#8217;nde korunmaktad\u0131r. Bu kilise, Aziz Valentine\u2019a adanm\u0131\u015f olup, \u00f6zellikle a\u015fkla ve ili\u015fkilerle ilgili kutsamalar arayan inananlar i\u00e7in \u00f6nemli bir hac yeridir.<\/p>\t\t\t\t\t\t\t\t<\/div>\n\t\t\t\t<\/div>\n\t\t\t\t<\/div>\n\t\t<div class=\"elementor-element elementor-element-343fda7 e-con-full e-flex e-con e-child\" data-id=\"343fda7\" data-element_type=\"container\">\n\t\t\t\t<div class=\"elementor-element elementor-element-d2251da elementor-widget elementor-widget-image\" data-id=\"d2251da\" data-element_type=\"widget\" data-widget_type=\"image.default\">\n\t\t\t\t<div class=\"elementor-widget-container\">\n\t\t\t\t\t\t\t\t\t\t\t\t\t\t\t<img decoding=\"async\" src=\"https:\/\/oinoforoswineryevents.com\/wp-content\/uploads\/elementor\/thumbs\/\u0391\u03bd\u03ce\u03bd\u03c5\u03bc\u03bf-\u03c3\u03c7\u03ad\u03b4\u03b9\u03bf-r76zkt1f9v5q2hki4qqrjlza3iw9v8kpqgh5apxbiw.webp\" title=\"\u0391\u03bd\u03ce\u03bd\u03c5\u03bc\u03bf \u03c3\u03c7\u03ad\u03b4\u03b9\u03bf\" alt=\"ktima oinoforos 20\" loading=\"lazy\" \/>\t\t\t\t\t\t\t\t\t\t\t\t\t\t\t<\/div>\n\t\t\t\t<\/div>\n\t\t\t\t<\/div>\n\t\t\t\t\t<\/div>\n\t\t\t\t<\/div>\n\t\t\t\t<\/div>\n\t\t","protected":false},"excerpt":{"rendered":"<p>Religious tourism Taxiarches Mihail Manast\u0131r\u0131 (Mandamados) Efsaneye g\u00f6re, manast\u0131r, Sarazen korsanlar\u0131 taraf\u0131ndan ele ge\u00e7irilmi\u015f ve rahipler katledilmi\u015ftir. Sadece bir gen\u00e7 rahip, kilisenin \u00e7at\u0131s\u0131na saklanarak hayatta kalm\u0131\u015ft\u0131r. Katliam\u0131n ard\u0131ndan, oradan, Arhangel (Taxiarches) Mihail&#8217;in rahiplerin bedenlerinin \u00fczerinde u\u00e7tu\u011funu g\u00f6rm\u00fc\u015ft\u00fcr. O, mum ve rahiplerin kan\u0131na bat\u0131r\u0131lm\u0131\u015f toprak alarak, Arhangel&#8217;in \u015fekline sokmu\u015ftur. Kilise, Dirili\u015f&#8217;ten iki hafta sonra, Myroforon Pazar\u0131nda [&hellip;]<\/p>\n","protected":false},"author":1,"featured_media":0,"parent":0,"menu_order":0,"comment_status":"closed","ping_status":"closed","template":"","meta":{"_acf_changed":false,"footnotes":""},"class_list":["post-2010","page","type-page","status-publish","hentry"],"acf":[],"_links":{"self":[{"href":"https:\/\/oinoforoswineryevents.com\/tr\/wp-json\/wp\/v2\/pages\/2010","targetHints":{"allow":["GET"]}}],"collection":[{"href":"https:\/\/oinoforoswineryevents.com\/tr\/wp-json\/wp\/v2\/pages"}],"about":[{"href":"https:\/\/oinoforoswineryevents.com\/tr\/wp-json\/wp\/v2\/types\/page"}],"author":[{"embeddable":true,"href":"https:\/\/oinoforoswineryevents.com\/tr\/wp-json\/wp\/v2\/users\/1"}],"replies":[{"embeddable":true,"href":"https:\/\/oinoforoswineryevents.com\/tr\/wp-json\/wp\/v2\/comments?post=2010"}],"version-history":[{"count":3,"href":"https:\/\/oinoforoswineryevents.com\/tr\/wp-json\/wp\/v2\/pages\/2010\/revisions"}],"predecessor-version":[{"id":4055,"href":"https:\/\/oinoforoswineryevents.com\/tr\/wp-json\/wp\/v2\/pages\/2010\/revisions\/4055"}],"wp:attachment":[{"href":"https:\/\/oinoforoswineryevents.com\/tr\/wp-json\/wp\/v2\/media?parent=2010"}],"curies":[{"name":"wp","href":"https:\/\/api.w.org\/{rel}","templated":true}]}}