{"id":1716,"date":"2025-04-15T00:27:02","date_gmt":"2025-04-15T00:27:02","guid":{"rendered":"https:\/\/oinoforoswineryevents.com\/eshop\/"},"modified":"2025-05-21T08:38:28","modified_gmt":"2025-05-21T08:38:28","slug":"eshop","status":"publish","type":"page","link":"https:\/\/oinoforoswineryevents.com\/tr\/eshop\/","title":{"rendered":"Eshop"},"content":{"rendered":"\t\t<div data-elementor-type=\"wp-page\" data-elementor-id=\"1716\" class=\"elementor elementor-1716 elementor-850\">\n\t\t\t\t<div class=\"elementor-element elementor-element-fe43b9d e-flex e-con-boxed e-con e-parent\" data-id=\"fe43b9d\" data-element_type=\"container\" data-settings=\"{&quot;background_background&quot;:&quot;classic&quot;}\">\n\t\t\t\t\t<div class=\"e-con-inner\">\n\t\t\t\t<div class=\"elementor-element elementor-element-9946030 elementor-widget elementor-widget-heading\" data-id=\"9946030\" data-element_type=\"widget\" data-widget_type=\"heading.default\">\n\t\t\t\t<div class=\"elementor-widget-container\">\n\t\t\t\t\t<h2 class=\"elementor-heading-title elementor-size-default\">Eshop<\/h2>\t\t\t\t<\/div>\n\t\t\t\t<\/div>\n\t\t\t\t\t<\/div>\n\t\t\t\t<\/div>\n\t\t<div class=\"elementor-element elementor-element-82eb1ed e-flex e-con-boxed e-con e-parent\" data-id=\"82eb1ed\" data-element_type=\"container\">\n\t\t\t\t\t<div class=\"e-con-inner\">\n\t\t<div class=\"elementor-element elementor-element-f4ad2a1 e-con-full e-flex e-con e-child\" data-id=\"f4ad2a1\" data-element_type=\"container\" data-settings=\"{&quot;background_background&quot;:&quot;classic&quot;}\">\n\t\t\t\t<div class=\"elementor-element elementor-element-067b6b9 elementor-widget elementor-widget-heading\" data-id=\"067b6b9\" data-element_type=\"widget\" data-widget_type=\"heading.default\">\n\t\t\t\t<div class=\"elementor-widget-container\">\n\t\t\t\t\t<h2 class=\"elementor-heading-title elementor-size-default\">G\u00f6nderim &amp; Teslimat<\/h2>\t\t\t\t<\/div>\n\t\t\t\t<\/div>\n\t\t\t\t<div class=\"elementor-element elementor-element-d115ae4 elementor-widget elementor-widget-text-editor\" data-id=\"d115ae4\" data-element_type=\"widget\" data-widget_type=\"text-editor.default\">\n\t\t\t\t<div class=\"elementor-widget-container\">\n\t\t\t\t\t\t\t\t\t<p><img decoding=\"async\" class=\"emoji\" role=\"img\" draggable=\"false\" src=\"https:\/\/s.w.org\/images\/core\/emoji\/15.0.3\/svg\/1f30d.svg\" alt=\"\ud83c\udf0d\"> <b>Yunanistan, AB \u00dcye \u00dclkeleri ve Se\u00e7ili \u00dc\u00e7\u00fcnc\u00fc \u00dclkelere G\u00f6nderim<\/b><\/p><p>Yunanistan, Avrupa Birli\u011fi \u00fcye \u00fclkeleri ve se\u00e7ili \u00fc\u00e7\u00fcnc\u00fc \u00fclkelere g\u00f6nderim yap\u0131yoruz.<\/p><p><img decoding=\"async\" class=\"emoji\" role=\"img\" draggable=\"false\" src=\"https:\/\/s.w.org\/images\/core\/emoji\/15.0.3\/svg\/1f4b6.svg\" alt=\"\ud83d\udcb6\"> <strong>G\u00f6nderim \u00dccreti<br><\/strong>G\u00f6nderim \u00fccreti, b\u00f6lgenizin posta koduna g\u00f6re belirlenir.<\/p><p><strong>Yunanistan i\u00e7i g\u00f6nderimler i\u00e7in:<\/strong><\/p><p><img decoding=\"async\" class=\"emoji\" role=\"img\" draggable=\"false\" src=\"https:\/\/s.w.org\/images\/core\/emoji\/15.0.3\/svg\/1f381.svg\" alt=\"\ud83c\udf81\"> 3 adet 750ml \u015fi\u015fe al\u0131m\u0131nda, se\u00e7iminize g\u00f6re 1 adet 187ml \u015fi\u015fe hediye edilir.<br><img decoding=\"async\" class=\"emoji\" role=\"img\" draggable=\"false\" src=\"https:\/\/s.w.org\/images\/core\/emoji\/15.0.3\/svg\/1f381.svg\" alt=\"\ud83c\udf81\"> 6 adet 750ml \u015fi\u015fe al\u0131m\u0131nda, se\u00e7iminize g\u00f6re 1 adet 750ml \u015fi\u015fe hediye edilir.<br><img decoding=\"async\" class=\"emoji\" role=\"img\" draggable=\"false\" src=\"https:\/\/s.w.org\/images\/core\/emoji\/15.0.3\/svg\/1f381.svg\" alt=\"\ud83c\udf81\"> 7 adet 750ml \u015fi\u015fe ve \u00fczeri al\u0131mlarda kargo \u00fccretsizdir.<\/p><p><strong>Yurt d\u0131\u015f\u0131 g\u00f6nderimler i\u00e7in:<\/strong><\/p><p><img decoding=\"async\" class=\"emoji\" role=\"img\" draggable=\"false\" src=\"https:\/\/s.w.org\/images\/core\/emoji\/15.0.3\/svg\/1f381.svg\" alt=\"\ud83c\udf81\"> B\u00f6lgenizin posta koduna ba\u011fl\u0131 olarak, sipari\u015finize g\u00f6re hak kazand\u0131\u011f\u0131n\u0131z hediyeler sistem taraf\u0131ndan g\u00f6sterilecektir.<\/p><p><img decoding=\"async\" class=\"emoji\" role=\"img\" draggable=\"false\" src=\"https:\/\/s.w.org\/images\/core\/emoji\/15.0.3\/svg\/23f3.svg\" alt=\"\u23f3\"> <strong>Teslimat S\u00fcresi<\/strong><\/p><p>Yunanistan: 2 ila 6 i\u015f g\u00fcn\u00fc (posta koduna ba\u011fl\u0131 olarak).<br>Yurt d\u0131\u015f\u0131: 3 ila 7 i\u015f g\u00fcn\u00fc (posta koduna ba\u011fl\u0131 olarak).<\/p><p><img decoding=\"async\" class=\"emoji\" role=\"img\" draggable=\"false\" src=\"https:\/\/s.w.org\/images\/core\/emoji\/15.0.3\/svg\/26a0.svg\" alt=\"\u26a0\ufe0f\"><strong> \u00d6nemli Bilgi<\/strong><\/p><p>Alkoll\u00fc i\u00e7ecekler yaln\u0131zca re\u015fit bireylere teslim edilmektedir.<\/p><p><img decoding=\"async\" class=\"emoji\" role=\"img\" draggable=\"false\" src=\"https:\/\/s.w.org\/images\/core\/emoji\/15.0.3\/svg\/1f50e.svg\" alt=\"\ud83d\udd0e\"> Daha fazla bilgi i\u00e7in l\u00fctfen <a href=\"https:\/\/oinoforoswineryevents.com\/tr\/cerez-politikasi\/\">G\u00f6nderim \u015eartlar\u0131m\u0131z\u0131<\/a> inceleyiniz.<\/p>\t\t\t\t\t\t\t\t<\/div>\n\t\t\t\t<\/div>\n\t\t\t\t<\/div>\n\t\t<div class=\"elementor-element elementor-element-2eb132b e-con-full e-flex e-con e-child\" data-id=\"2eb132b\" data-element_type=\"container\">\n\t\t\t\t<div class=\"elementor-element elementor-element-c9053bb elementor-widget elementor-widget-ecafe-grid-post-listing\" data-id=\"c9053bb\" data-element_type=\"widget\" data-widget_type=\"ecafe-grid-post-listing.default\">\n\t\t\t\t\t<div class=\"eca-post-grid-listing-wrap eca-isotope eca-isotope-grid listing-style-1 post6a031e4aa8934\" data-settings='{\"id\":\"post6a031e4aa8934\",\"selectPostType\":\"product\",\"style\":\"style-1\",\"postLayout\":\"fitRows\",\"selectTaxonomy\":\"category\",\"ecrtl\":true,\"relayoutissue\":true,\"postCategory\":null,\"postTags\":null,\"taxonomyInclude\":\"\",\"postsInclude\":\"\",\"postsExclude\":\"\",\"numberOfPosts\":9,\"postsOffset\":0,\"postsOrderBy\":\"date\",\"postsOrder\":\"ASC\",\"showImage\":\"yes\",\"imageSize\":\"full\",\"showTitle\":\"yes\",\"titleTag\":\"h1\",\"titleLength\":\"\",\"showExcerpt\":\"\",\"postExcerptLength\":null,\"showPostMeta\":\"\",\"postMetaStyle\":null,\"postUserMeta\":null,\"prefixTextPostUserMeta\":null,\"postDateMeta\":null,\"readMoreButton\":null,\"buttonHoverEffectH\":\"no\",\"buttonEffectPosH\":null,\"readButtonText\":null,\"filterPost\":\"\",\"postLoadingOpt\":\"pagination\",\"totalPage\":2}'><div class=\"eca-post-listing-inner eca-row\"><div class=\"ec-grid-wrap    \"  ><article id=\"post-1663\" class=\"post-1663 product type-product status-publish has-post-thumbnail product_cat-kirmizi-kuru first instock taxable shipping-taxable purchasable product-type-variable\">\n\t<div class=\"post-list-content\">\n\t\t\t\t<div class=\"post-content-image\">\n\t\t\t<a href=\"https:\/\/oinoforoswineryevents.com\/tr\/shop\/makara-kirmizi-sek-750-ml\/\">\n\t\t\t\t<img fetchpriority=\"high\" decoding=\"async\" width=\"394\" height=\"394\" src=\"https:\/\/oinoforoswineryevents.com\/wp-content\/uploads\/2025\/04\/2.webp\" class=\"attachment-full size-full wp-post-image\" alt=\"makara\" srcset=\"https:\/\/oinoforoswineryevents.com\/wp-content\/uploads\/2025\/04\/2.webp 394w, https:\/\/oinoforoswineryevents.com\/wp-content\/uploads\/2025\/04\/2-300x300.webp 300w, https:\/\/oinoforoswineryevents.com\/wp-content\/uploads\/2025\/04\/2-150x150.webp 150w, https:\/\/oinoforoswineryevents.com\/wp-content\/uploads\/2025\/04\/2-100x100.webp 100w\" sizes=\"(max-width: 394px) 100vw, 394px\" \/>\t\t\t<\/a>\n\t\t\t\t\t<\/div>\n\t\t\t\t<div class=\"post-content-data\">\n\t\t\t<h1 class=\"post-title\">\r\n\t<a href=\"https:\/\/oinoforoswineryevents.com\/tr\/shop\/makara-kirmizi-sek-750-ml\/\">Makara \u015earap kategorisi 750 ml<\/a>\r\n<\/h1>\t\t<\/div>\n\t<\/div>\n<\/article><\/div><div class=\"ec-grid-wrap    \"  ><article id=\"post-1670\" class=\"post-1670 product type-product status-publish has-post-thumbnail product_cat-kirmizi-kuru  instock taxable shipping-taxable purchasable product-type-variable\">\n\t<div class=\"post-list-content\">\n\t\t\t\t<div class=\"post-content-image\">\n\t\t\t<a href=\"https:\/\/oinoforoswineryevents.com\/tr\/shop\/daphnis-ve-chloe-kirmizi-750ml\/\">\n\t\t\t\t<img decoding=\"async\" width=\"394\" height=\"394\" src=\"https:\/\/oinoforoswineryevents.com\/wp-content\/uploads\/2025\/04\/15.webp\" class=\"attachment-full size-full wp-post-image\" alt=\"dafnis kai chloe\" srcset=\"https:\/\/oinoforoswineryevents.com\/wp-content\/uploads\/2025\/04\/15.webp 394w, https:\/\/oinoforoswineryevents.com\/wp-content\/uploads\/2025\/04\/15-300x300.webp 300w, https:\/\/oinoforoswineryevents.com\/wp-content\/uploads\/2025\/04\/15-150x150.webp 150w, https:\/\/oinoforoswineryevents.com\/wp-content\/uploads\/2025\/04\/15-100x100.webp 100w\" sizes=\"(max-width: 394px) 100vw, 394px\" \/>\t\t\t<\/a>\n\t\t\t\t\t<\/div>\n\t\t\t\t<div class=\"post-content-data\">\n\t\t\t<h1 class=\"post-title\">\r\n\t<a href=\"https:\/\/oinoforoswineryevents.com\/tr\/shop\/daphnis-ve-chloe-kirmizi-750ml\/\">Daphnis ve Chlo\u00e9 Kirmizi 750ml<\/a>\r\n<\/h1>\t\t<\/div>\n\t<\/div>\n<\/article><\/div><div class=\"ec-grid-wrap    \"  ><article id=\"post-1677\" class=\"post-1677 product type-product status-publish has-post-thumbnail product_cat-beyaz  instock taxable shipping-taxable purchasable product-type-variable\">\n\t<div class=\"post-list-content\">\n\t\t\t\t<div class=\"post-content-image\">\n\t\t\t<a href=\"https:\/\/oinoforoswineryevents.com\/tr\/shop\/daphnis-ve-chloe-beyaz-750-ml\/\">\n\t\t\t\t<img decoding=\"async\" width=\"394\" height=\"394\" src=\"https:\/\/oinoforoswineryevents.com\/wp-content\/uploads\/2025\/04\/1.webp\" class=\"attachment-full size-full wp-post-image\" alt=\"dafnis kai chloe\" srcset=\"https:\/\/oinoforoswineryevents.com\/wp-content\/uploads\/2025\/04\/1.webp 394w, https:\/\/oinoforoswineryevents.com\/wp-content\/uploads\/2025\/04\/1-300x300.webp 300w, https:\/\/oinoforoswineryevents.com\/wp-content\/uploads\/2025\/04\/1-150x150.webp 150w, https:\/\/oinoforoswineryevents.com\/wp-content\/uploads\/2025\/04\/1-100x100.webp 100w\" sizes=\"(max-width: 394px) 100vw, 394px\" \/>\t\t\t<\/a>\n\t\t\t\t\t<\/div>\n\t\t\t\t<div class=\"post-content-data\">\n\t\t\t<h1 class=\"post-title\">\r\n\t<a href=\"https:\/\/oinoforoswineryevents.com\/tr\/shop\/daphnis-ve-chloe-beyaz-750-ml\/\">Daphnis ve Chlo\u00e9 Beyaz 750 ml<\/a>\r\n<\/h1>\t\t<\/div>\n\t<\/div>\n<\/article><\/div><div class=\"ec-grid-wrap    \"  ><article id=\"post-1683\" class=\"post-1683 product type-product status-publish has-post-thumbnail product_cat-kirmizi-yari-tatli last instock taxable shipping-taxable purchasable product-type-variable\">\n\t<div class=\"post-list-content\">\n\t\t\t\t<div class=\"post-content-image\">\n\t\t\t<a href=\"https:\/\/oinoforoswineryevents.com\/tr\/shop\/dolce-kleopatra-kirmizi-yari-tatli-750-ml\/\">\n\t\t\t\t<img loading=\"lazy\" decoding=\"async\" width=\"394\" height=\"394\" src=\"https:\/\/oinoforoswineryevents.com\/wp-content\/uploads\/2025\/04\/3.webp\" class=\"attachment-full size-full wp-post-image\" alt=\"dolce cleopatra\" srcset=\"https:\/\/oinoforoswineryevents.com\/wp-content\/uploads\/2025\/04\/3.webp 394w, https:\/\/oinoforoswineryevents.com\/wp-content\/uploads\/2025\/04\/3-300x300.webp 300w, https:\/\/oinoforoswineryevents.com\/wp-content\/uploads\/2025\/04\/3-150x150.webp 150w, https:\/\/oinoforoswineryevents.com\/wp-content\/uploads\/2025\/04\/3-100x100.webp 100w\" sizes=\"(max-width: 394px) 100vw, 394px\" \/>\t\t\t<\/a>\n\t\t\t\t\t<\/div>\n\t\t\t\t<div class=\"post-content-data\">\n\t\t\t<h1 class=\"post-title\">\r\n\t<a href=\"https:\/\/oinoforoswineryevents.com\/tr\/shop\/dolce-kleopatra-kirmizi-yari-tatli-750-ml\/\">DOLCE KLEOPATRA K\u0131rm\u0131z\u0131 Yar\u0131 Tatl\u0131 750 ml<\/a>\r\n<\/h1>\t\t<\/div>\n\t<\/div>\n<\/article><\/div><div class=\"ec-grid-wrap    \"  ><article id=\"post-1688\" class=\"post-1688 product type-product status-publish has-post-thumbnail product_cat-sek-rose first instock taxable shipping-taxable purchasable product-type-variable\">\n\t<div class=\"post-list-content\">\n\t\t\t\t<div class=\"post-content-image\">\n\t\t\t<a href=\"https:\/\/oinoforoswineryevents.com\/tr\/shop\/rose-kleopatra-750-ml\/\">\n\t\t\t\t<img loading=\"lazy\" decoding=\"async\" width=\"394\" height=\"394\" src=\"https:\/\/oinoforoswineryevents.com\/wp-content\/uploads\/2025\/04\/4.webp\" class=\"attachment-full size-full wp-post-image\" alt=\"rose kleopatra\" srcset=\"https:\/\/oinoforoswineryevents.com\/wp-content\/uploads\/2025\/04\/4.webp 394w, https:\/\/oinoforoswineryevents.com\/wp-content\/uploads\/2025\/04\/4-300x300.webp 300w, https:\/\/oinoforoswineryevents.com\/wp-content\/uploads\/2025\/04\/4-150x150.webp 150w, https:\/\/oinoforoswineryevents.com\/wp-content\/uploads\/2025\/04\/4-100x100.webp 100w\" sizes=\"(max-width: 394px) 100vw, 394px\" \/>\t\t\t<\/a>\n\t\t\t\t\t<\/div>\n\t\t\t\t<div class=\"post-content-data\">\n\t\t\t<h1 class=\"post-title\">\r\n\t<a href=\"https:\/\/oinoforoswineryevents.com\/tr\/shop\/rose-kleopatra-750-ml\/\">ROSE KLEOPATRA Rose Sek 750 ml<\/a>\r\n<\/h1>\t\t<\/div>\n\t<\/div>\n<\/article><\/div><div class=\"ec-grid-wrap    \"  ><article id=\"post-1693\" class=\"post-1693 product type-product status-publish has-post-thumbnail product_cat-sek-rose  instock taxable shipping-taxable purchasable product-type-variable\">\n\t<div class=\"post-list-content\">\n\t\t\t\t<div class=\"post-content-image\">\n\t\t\t<a href=\"https:\/\/oinoforoswineryevents.com\/tr\/shop\/rose-kleopatra-180-ml\/\">\n\t\t\t\t<img loading=\"lazy\" decoding=\"async\" width=\"394\" height=\"394\" src=\"https:\/\/oinoforoswineryevents.com\/wp-content\/uploads\/2025\/04\/6.webp\" class=\"attachment-full size-full wp-post-image\" alt=\"rose kleopatra 180 ml\" srcset=\"https:\/\/oinoforoswineryevents.com\/wp-content\/uploads\/2025\/04\/6.webp 394w, https:\/\/oinoforoswineryevents.com\/wp-content\/uploads\/2025\/04\/6-300x300.webp 300w, https:\/\/oinoforoswineryevents.com\/wp-content\/uploads\/2025\/04\/6-150x150.webp 150w, https:\/\/oinoforoswineryevents.com\/wp-content\/uploads\/2025\/04\/6-100x100.webp 100w\" sizes=\"(max-width: 394px) 100vw, 394px\" \/>\t\t\t<\/a>\n\t\t\t\t\t<\/div>\n\t\t\t\t<div class=\"post-content-data\">\n\t\t\t<h1 class=\"post-title\">\r\n\t<a href=\"https:\/\/oinoforoswineryevents.com\/tr\/shop\/rose-kleopatra-180-ml\/\">ROSE KLEOPATRA Roze Sek 180 ml<\/a>\r\n<\/h1>\t\t<\/div>\n\t<\/div>\n<\/article><\/div><div class=\"ec-grid-wrap    \"  ><article id=\"post-1698\" class=\"post-1698 product type-product status-publish has-post-thumbnail product_cat-kirmizi-yari-tatli  instock taxable shipping-taxable purchasable product-type-variable\">\n\t<div class=\"post-list-content\">\n\t\t\t\t<div class=\"post-content-image\">\n\t\t\t<a href=\"https:\/\/oinoforoswineryevents.com\/tr\/shop\/dolce-kleopatra-kirmizi-yari-tatli-180-ml\/\">\n\t\t\t\t<img loading=\"lazy\" decoding=\"async\" width=\"394\" height=\"394\" src=\"https:\/\/oinoforoswineryevents.com\/wp-content\/uploads\/2025\/04\/5.webp\" class=\"attachment-full size-full wp-post-image\" alt=\"dolce kleopatra 180 ml\" srcset=\"https:\/\/oinoforoswineryevents.com\/wp-content\/uploads\/2025\/04\/5.webp 394w, https:\/\/oinoforoswineryevents.com\/wp-content\/uploads\/2025\/04\/5-300x300.webp 300w, https:\/\/oinoforoswineryevents.com\/wp-content\/uploads\/2025\/04\/5-150x150.webp 150w, https:\/\/oinoforoswineryevents.com\/wp-content\/uploads\/2025\/04\/5-100x100.webp 100w\" sizes=\"(max-width: 394px) 100vw, 394px\" \/>\t\t\t<\/a>\n\t\t\t\t\t<\/div>\n\t\t\t\t<div class=\"post-content-data\">\n\t\t\t<h1 class=\"post-title\">\r\n\t<a href=\"https:\/\/oinoforoswineryevents.com\/tr\/shop\/dolce-kleopatra-kirmizi-yari-tatli-180-ml\/\">DOLCE KLEOPATRA K\u0131rm\u0131z\u0131 Yar\u0131 Tatl\u0131 180 ml<\/a>\r\n<\/h1>\t\t<\/div>\n\t<\/div>\n<\/article><\/div><div class=\"ec-grid-wrap    \"  ><article id=\"post-1704\" class=\"post-1704 product type-product status-publish has-post-thumbnail product_cat-beyaz last instock taxable shipping-taxable purchasable product-type-variable\">\n\t<div class=\"post-list-content\">\n\t\t\t\t<div class=\"post-content-image\">\n\t\t\t<a href=\"https:\/\/oinoforoswineryevents.com\/tr\/shop\/daphnis-ve-chloe-beyaz-180-ml\/\">\n\t\t\t\t<img loading=\"lazy\" decoding=\"async\" width=\"394\" height=\"394\" src=\"https:\/\/oinoforoswineryevents.com\/wp-content\/uploads\/2025\/04\/7.webp\" class=\"attachment-full size-full wp-post-image\" alt=\"dafnis kai chloe 180\" srcset=\"https:\/\/oinoforoswineryevents.com\/wp-content\/uploads\/2025\/04\/7.webp 394w, https:\/\/oinoforoswineryevents.com\/wp-content\/uploads\/2025\/04\/7-300x300.webp 300w, https:\/\/oinoforoswineryevents.com\/wp-content\/uploads\/2025\/04\/7-150x150.webp 150w, https:\/\/oinoforoswineryevents.com\/wp-content\/uploads\/2025\/04\/7-100x100.webp 100w\" sizes=\"(max-width: 394px) 100vw, 394px\" \/>\t\t\t<\/a>\n\t\t\t\t\t<\/div>\n\t\t\t\t<div class=\"post-content-data\">\n\t\t\t<h1 class=\"post-title\">\r\n\t<a href=\"https:\/\/oinoforoswineryevents.com\/tr\/shop\/daphnis-ve-chloe-beyaz-180-ml\/\">Daphnis ve Chlo\u00e9 Beyaz 180 ml<\/a>\r\n<\/h1>\t\t<\/div>\n\t<\/div>\n<\/article><\/div><div class=\"ec-grid-wrap    \"  ><article id=\"post-1711\" class=\"post-1711 product type-product status-publish has-post-thumbnail product_cat-kirmizi-kuru first instock taxable shipping-taxable purchasable product-type-variable\">\n\t<div class=\"post-list-content\">\n\t\t\t\t<div class=\"post-content-image\">\n\t\t\t<a href=\"https:\/\/oinoforoswineryevents.com\/tr\/shop\/daphnis-ve-chloe-kirmizi-180-ml\/\">\n\t\t\t\t<img loading=\"lazy\" decoding=\"async\" width=\"394\" height=\"394\" src=\"https:\/\/oinoforoswineryevents.com\/wp-content\/uploads\/2025\/04\/9.webp\" class=\"attachment-full size-full wp-post-image\" alt=\"dafnis kai chloe 180 ml\" srcset=\"https:\/\/oinoforoswineryevents.com\/wp-content\/uploads\/2025\/04\/9.webp 394w, https:\/\/oinoforoswineryevents.com\/wp-content\/uploads\/2025\/04\/9-300x300.webp 300w, https:\/\/oinoforoswineryevents.com\/wp-content\/uploads\/2025\/04\/9-150x150.webp 150w, https:\/\/oinoforoswineryevents.com\/wp-content\/uploads\/2025\/04\/9-100x100.webp 100w\" sizes=\"(max-width: 394px) 100vw, 394px\" \/>\t\t\t<\/a>\n\t\t\t\t\t<\/div>\n\t\t\t\t<div class=\"post-content-data\">\n\t\t\t<h1 class=\"post-title\">\r\n\t<a href=\"https:\/\/oinoforoswineryevents.com\/tr\/shop\/daphnis-ve-chloe-kirmizi-180-ml\/\">Daphnis ve Chlo\u00e9 Kirmizi 180 ml<\/a>\r\n<\/h1>\t\t<\/div>\n\t<\/div>\n<\/article><\/div><\/div><div class=\"eca-paginate\"><span class=\"current\">1<\/span><a href='https:\/\/oinoforoswineryevents.com\/tr\/wp-json\/wp\/v2\/pages\/1716\/page\/2\/' class=\"inactive\">2<\/a><a class='next' href='https:\/\/oinoforoswineryevents.com\/tr\/wp-json\/wp\/v2\/pages\/1716\/page\/2\/'>Sonraki<\/a><\/div>\n<\/div>\t\t\t\t<\/div>\n\t\t\t\t<\/div>\n\t\t\t\t\t<\/div>\n\t\t\t\t<\/div>\n\t\t\t\t<\/div>\n\t\t","protected":false},"excerpt":{"rendered":"<p>Eshop G\u00f6nderim &amp; Teslimat Yunanistan, AB \u00dcye \u00dclkeleri ve Se\u00e7ili \u00dc\u00e7\u00fcnc\u00fc \u00dclkelere G\u00f6nderim Yunanistan, Avrupa Birli\u011fi \u00fcye \u00fclkeleri ve se\u00e7ili \u00fc\u00e7\u00fcnc\u00fc \u00fclkelere g\u00f6nderim yap\u0131yoruz. G\u00f6nderim \u00dccretiG\u00f6nderim \u00fccreti, b\u00f6lgenizin posta koduna g\u00f6re belirlenir. Yunanistan i\u00e7i g\u00f6nderimler i\u00e7in: 3 adet 750ml \u015fi\u015fe al\u0131m\u0131nda, se\u00e7iminize g\u00f6re 1 adet 187ml \u015fi\u015fe hediye edilir. 6 adet 750ml \u015fi\u015fe al\u0131m\u0131nda, se\u00e7iminize [&hellip;]<\/p>\n","protected":false},"author":1,"featured_media":0,"parent":0,"menu_order":0,"comment_status":"closed","ping_status":"closed","template":"","meta":{"_acf_changed":false,"footnotes":""},"class_list":["post-1716","page","type-page","status-publish","hentry"],"acf":[],"_links":{"self":[{"href":"https:\/\/oinoforoswineryevents.com\/tr\/wp-json\/wp\/v2\/pages\/1716","targetHints":{"allow":["GET"]}}],"collection":[{"href":"https:\/\/oinoforoswineryevents.com\/tr\/wp-json\/wp\/v2\/pages"}],"about":[{"href":"https:\/\/oinoforoswineryevents.com\/tr\/wp-json\/wp\/v2\/types\/page"}],"author":[{"embeddable":true,"href":"https:\/\/oinoforoswineryevents.com\/tr\/wp-json\/wp\/v2\/users\/1"}],"replies":[{"embeddable":true,"href":"https:\/\/oinoforoswineryevents.com\/tr\/wp-json\/wp\/v2\/comments?post=1716"}],"version-history":[{"count":3,"href":"https:\/\/oinoforoswineryevents.com\/tr\/wp-json\/wp\/v2\/pages\/1716\/revisions"}],"predecessor-version":[{"id":3146,"href":"https:\/\/oinoforoswineryevents.com\/tr\/wp-json\/wp\/v2\/pages\/1716\/revisions\/3146"}],"wp:attachment":[{"href":"https:\/\/oinoforoswineryevents.com\/tr\/wp-json\/wp\/v2\/media?parent=1716"}],"curies":[{"name":"wp","href":"https:\/\/api.w.org\/{rel}","templated":true}]}}