{"id":1714,"date":"2025-03-15T20:02:53","date_gmt":"2025-03-15T20:02:53","guid":{"rendered":"https:\/\/oinoforoswineryevents.com\/odemeye-devam-et\/"},"modified":"2025-05-07T10:16:53","modified_gmt":"2025-05-07T10:16:53","slug":"odemeye-devam-et","status":"publish","type":"page","link":"https:\/\/oinoforoswineryevents.com\/tr\/odemeye-devam-et\/","title":{"rendered":"\u00d6demeye Devam Et"},"content":{"rendered":"\n<div data-block-name=\"woocommerce\/checkout\" class=\"wp-block-woocommerce-checkout alignwide wc-block-checkout is-loading\">\n<div data-block-name=\"woocommerce\/checkout-fields-block\" class=\"wp-block-woocommerce-checkout-fields-block\">\n<div data-block-name=\"woocommerce\/checkout-express-payment-block\" class=\"wp-block-woocommerce-checkout-express-payment-block\"><\/div>\n\n\n\n<div data-block-name=\"woocommerce\/checkout-contact-information-block\" data-description=\"Sipari\u015finizle ilgili, g\u00fcncellemeleri size g\u00f6nderebilmemiz i\u00e7in bunu kullanaca\u011f\u0131z\" data-title=\"\u0130leti\u015fim Bilgileri\" class=\"wp-block-woocommerce-checkout-contact-information-block\">\n<p><\/p>\n<\/div>\n\n\n\n<div data-block-name=\"woocommerce\/checkout-shipping-method-block\" class=\"wp-block-woocommerce-checkout-shipping-method-block\"><\/div>\n\n\n\n<div data-block-name=\"woocommerce\/checkout-pickup-options-block\" class=\"wp-block-woocommerce-checkout-pickup-options-block\"><\/div>\n\n\n\n<div data-block-name=\"woocommerce\/checkout-shipping-address-block\" data-description=\"\u015eu anda misafir olarak \u00f6deme yap\u0131yorsunuz.\" data-title=\"E posta adresi\" class=\"wp-block-woocommerce-checkout-shipping-address-block\"><\/div>\n\n\n\n<div data-block-name=\"woocommerce\/checkout-billing-address-block\" data-description=\"\u0395\u03b9\u03c3\u03b1\u03b3\u03ac\u03b3\u03b5\u03c4\u03b5 \u03c4\u03b7 \u03b4\u03b9\u03b5\u03cd\u03b8\u03c5\u03bd\u03c3\u03b7 \u03c7\u03c1\u03ad\u03c9\u03c3\u03b7\u03c2 \u03c0\u03bf\u03c5 \u03c4\u03b1\u03b9\u03c1\u03b9\u03ac\u03b6\u03b5\u03b9 \u03bc\u03b5 \u03c4\u03bf\u03bd \u03c4\u03c1\u03cc\u03c0\u03bf \u03c0\u03bb\u03b7\u03c1\u03c9\u03bc\u03ae\u03c2 \u03c3\u03b1\u03c2.\" data-title=\"\u0394\u03b9\u03b5\u03cd\u03b8\u03c5\u03bd\u03c3\u03b7 \u03c7\u03c1\u03ad\u03c9\u03c3\u03b7\u03c2\" class=\"wp-block-woocommerce-checkout-billing-address-block\"><\/div>\n\n\n\n<div data-block-name=\"woocommerce\/checkout-shipping-methods-block\" data-title=\"Teslimat Adresi\" class=\"wp-block-woocommerce-checkout-shipping-methods-block\"><\/div>\n\n\n\n<div data-block-name=\"woocommerce\/checkout-payment-block\" data-title=\"\u00d6deme Se\u00e7enekleri\" class=\"wp-block-woocommerce-checkout-payment-block\"><\/div>\n\n\n\n<div data-block-name=\"woocommerce\/checkout-additional-information-block\" class=\"wp-block-woocommerce-checkout-additional-information-block\"><\/div>\n\n\n\n<div data-block-name=\"woocommerce\/checkout-order-note-block\" class=\"wp-block-woocommerce-checkout-order-note-block\"><\/div>\n\n\n\n<div data-block-name=\"woocommerce\/checkout-terms-block\" data-text=\"Sat\u0131n alma i\u015fleminize devam ederek, \u015eartlar ve Ko\u015fullar\u0131m\u0131z\u0131 ve Gizlilik Politikam\u0131z\u0131 kabul etmi\u015f olursunuz.\" class=\"wp-block-woocommerce-checkout-terms-block\"><\/div>\n\n\n\n<div data-block-name=\"woocommerce\/checkout-actions-block\" data-place-order-button-label=\"\u039a\u03ac\u03bd\u03c4\u03b5 \u03c0\u03b1\u03c1\u03b1\u03b3\u03b3\u03b5\u03bb\u03af\u03b1\" data-return-to-cart-button-label=\"\u0395\u03c0\u03b9\u03c3\u03c4\u03c1\u03bf\u03c6\u03ae \u03c3\u03c4\u03bf \u039a\u03b1\u03bb\u03ac\u03b8\u03b9\" class=\"wp-block-woocommerce-checkout-actions-block\"><\/div>\n<\/div>\n\n\n\n<div data-block-name=\"woocommerce\/checkout-totals-block\" class=\"wp-block-woocommerce-checkout-totals-block\">\n<div data-block-name=\"woocommerce\/checkout-order-summary-block\" class=\"wp-block-woocommerce-checkout-order-summary-block\">\n<div data-block-name=\"woocommerce\/checkout-order-summary-cart-items-block\" class=\"wp-block-woocommerce-checkout-order-summary-cart-items-block\"><\/div>\n\n\n\n<div data-block-name=\"woocommerce\/checkout-order-summary-coupon-form-block\" class=\"wp-block-woocommerce-checkout-order-summary-coupon-form-block\"><\/div>\n\n\n\n<div data-block-name=\"woocommerce\/checkout-order-summary-totals-block\" class=\"wp-block-woocommerce-checkout-order-summary-totals-block\">\n<div data-block-name=\"woocommerce\/checkout-order-summary-subtotal-block\" class=\"wp-block-woocommerce-checkout-order-summary-subtotal-block\"><\/div>\n\n\n\n<div data-block-name=\"woocommerce\/checkout-order-summary-fee-block\" class=\"wp-block-woocommerce-checkout-order-summary-fee-block\"><\/div>\n\n\n\n<div data-block-name=\"woocommerce\/checkout-order-summary-discount-block\" class=\"wp-block-woocommerce-checkout-order-summary-discount-block\"><\/div>\n\n\n\n<div data-block-name=\"woocommerce\/checkout-order-summary-shipping-block\" class=\"wp-block-woocommerce-checkout-order-summary-shipping-block\"><\/div>\n\n\n\n<div data-block-name=\"woocommerce\/checkout-order-summary-taxes-block\" class=\"wp-block-woocommerce-checkout-order-summary-taxes-block\"><\/div>\n<\/div>\n<\/div>\n<\/div>\n<\/div>\n\n<p><\/p>\n","protected":false},"excerpt":{"rendered":"","protected":false},"author":1,"featured_media":0,"parent":0,"menu_order":0,"comment_status":"closed","ping_status":"closed","template":"","meta":{"_acf_changed":false,"footnotes":""},"class_list":["post-1714","page","type-page","status-publish","hentry"],"acf":[],"_links":{"self":[{"href":"https:\/\/oinoforoswineryevents.com\/tr\/wp-json\/wp\/v2\/pages\/1714","targetHints":{"allow":["GET"]}}],"collection":[{"href":"https:\/\/oinoforoswineryevents.com\/tr\/wp-json\/wp\/v2\/pages"}],"about":[{"href":"https:\/\/oinoforoswineryevents.com\/tr\/wp-json\/wp\/v2\/types\/page"}],"author":[{"embeddable":true,"href":"https:\/\/oinoforoswineryevents.com\/tr\/wp-json\/wp\/v2\/users\/1"}],"replies":[{"embeddable":true,"href":"https:\/\/oinoforoswineryevents.com\/tr\/wp-json\/wp\/v2\/comments?post=1714"}],"version-history":[{"count":5,"href":"https:\/\/oinoforoswineryevents.com\/tr\/wp-json\/wp\/v2\/pages\/1714\/revisions"}],"predecessor-version":[{"id":2596,"href":"https:\/\/oinoforoswineryevents.com\/tr\/wp-json\/wp\/v2\/pages\/1714\/revisions\/2596"}],"wp:attachment":[{"href":"https:\/\/oinoforoswineryevents.com\/tr\/wp-json\/wp\/v2\/media?parent=1714"}],"curies":[{"name":"wp","href":"https:\/\/api.w.org\/{rel}","templated":true}]}}