{"id":1644,"date":"2025-03-15T20:02:53","date_gmt":"2025-03-15T20:02:53","guid":{"rendered":"https:\/\/oinoforoswineryevents.com\/araba\/"},"modified":"2025-05-07T11:04:21","modified_gmt":"2025-05-07T11:04:21","slug":"araba","status":"publish","type":"page","link":"https:\/\/oinoforoswineryevents.com\/tr\/araba\/","title":{"rendered":"Araba"},"content":{"rendered":"\n<div data-block-name=\"woocommerce\/cart\" class=\"wp-block-woocommerce-cart alignwide is-loading\">\n<div data-block-name=\"woocommerce\/filled-cart-block\" class=\"wp-block-woocommerce-filled-cart-block\">\n<div data-block-name=\"woocommerce\/cart-items-block\" class=\"wp-block-woocommerce-cart-items-block\">\n<div data-block-name=\"woocommerce\/cart-line-items-block\" class=\"wp-block-woocommerce-cart-line-items-block\"><\/div>\n\n\n\n<div data-block-name=\"woocommerce\/cart-cross-sells-block\" class=\"wp-block-woocommerce-cart-cross-sells-block\">\n<h2 class=\"wp-block-heading has-large-font-size\">\u0130lginizi \u00e7ekebilir&#8230;<\/h2>\n\n\n\n<div data-block-name=\"woocommerce\/cart-cross-sells-products-block\" class=\"wp-block-woocommerce-cart-cross-sells-products-block\"><\/div>\n<\/div>\n<\/div>\n\n\n\n<div data-block-name=\"woocommerce\/cart-totals-block\" class=\"wp-block-woocommerce-cart-totals-block\">\n<div data-block-name=\"woocommerce\/cart-order-summary-block\" class=\"wp-block-woocommerce-cart-order-summary-block\">\n<div data-block-name=\"woocommerce\/cart-order-summary-heading-block\" class=\"wp-block-woocommerce-cart-order-summary-heading-block\"><\/div><div data-block-name=\"woocommerce\/cart-order-summary-coupon-form-block\" class=\"wp-block-woocommerce-cart-order-summary-coupon-form-block\"><\/div><div data-block-name=\"woocommerce\/cart-order-summary-totals-block\" class=\"wp-block-woocommerce-cart-order-summary-totals-block\">\n<div data-block-name=\"woocommerce\/cart-order-summary-subtotal-block\" class=\"wp-block-woocommerce-cart-order-summary-subtotal-block\"><\/div>\n<div data-block-name=\"woocommerce\/cart-order-summary-discount-block\" class=\"wp-block-woocommerce-cart-order-summary-discount-block\"><\/div>\n<div data-block-name=\"woocommerce\/cart-order-summary-fee-block\" class=\"wp-block-woocommerce-cart-order-summary-fee-block\"><\/div>\n<div data-block-name=\"woocommerce\/cart-order-summary-shipping-block\" class=\"wp-block-woocommerce-cart-order-summary-shipping-block\"><\/div>\n<div data-block-name=\"woocommerce\/cart-order-summary-taxes-block\" class=\"wp-block-woocommerce-cart-order-summary-taxes-block\"><\/div><\/div>\n<\/div>\n\n\n\n<div data-block-name=\"woocommerce\/cart-express-payment-block\" class=\"wp-block-woocommerce-cart-express-payment-block\"><\/div>\n\n\n\n<div data-block-name=\"woocommerce\/proceed-to-checkout-block\" class=\"wp-block-woocommerce-proceed-to-checkout-block\"><\/div>\n\n\n\n<div data-block-name=\"woocommerce\/cart-accepted-payment-methods-block\" class=\"wp-block-woocommerce-cart-accepted-payment-methods-block\"><\/div>\n<\/div>\n<\/div>\n\n\n\n<div data-block-name=\"woocommerce\/empty-cart-block\" class=\"wp-block-woocommerce-empty-cart-block\">\n<h2 class=\"wp-block-heading has-text-align-center with-empty-cart-icon wc-block-cart__empty-cart__title\">Sepetiniz \u015fu anda bo\u015f!<\/h2>\n\n\n\n<hr class=\"wp-block-separator has-alpha-channel-opacity is-style-dots\"\/>\n\n\n\n<h2 class=\"wp-block-heading has-text-align-center\">Ma\u011fazada yeni<\/h2>\n\n\n<div data-block-name=\"woocommerce\/product-new\" data-columns=\"4\" data-rows=\"1\" class=\"wc-block-grid wp-block-product-new wp-block-woocommerce-product-new wc-block-product-new has-4-columns\"><ul class=\"wc-block-grid__products\"><li class=\"wc-block-grid__product\">\n\t\t\t\t<a href=\"https:\/\/oinoforoswineryevents.com\/tr\/shop\/rose-sofra-sarabi-5l-10l\/\" class=\"wc-block-grid__product-link\">\n\t\t\t\t\t\n\t\t\t\t\t<div class=\"wc-block-grid__product-image\"><img fetchpriority=\"high\" decoding=\"async\" width=\"300\" height=\"300\" src=\"https:\/\/oinoforoswineryevents.com\/wp-content\/uploads\/2025\/04\/12-300x300.webp\" class=\"attachment-woocommerce_thumbnail size-woocommerce_thumbnail\" alt=\"Ros\u00e9 Sofra \u015earab\u0131 \u2013 5L \/ 10L\" srcset=\"https:\/\/oinoforoswineryevents.com\/wp-content\/uploads\/2025\/04\/12-300x300.webp 300w, https:\/\/oinoforoswineryevents.com\/wp-content\/uploads\/2025\/04\/12-150x150.webp 150w, https:\/\/oinoforoswineryevents.com\/wp-content\/uploads\/2025\/04\/12-100x100.webp 100w, https:\/\/oinoforoswineryevents.com\/wp-content\/uploads\/2025\/04\/12.webp 394w\" sizes=\"(max-width: 300px) 100vw, 300px\" \/><\/div>\n\t\t\t\t\t<div class=\"wc-block-grid__product-title\">Ros\u00e9 Sofra \u015earab\u0131 \u2013 5L \/ 10L<\/div>\n\t\t\t\t<\/a>\n\t\t\t\t<div class=\"wc-block-grid__product-price price\"><\/div>\n\t\t\t\t\n\t\t\t\t<div class=\"wp-block-button wc-block-grid__product-add-to-cart\"><a href=\"https:\/\/oinoforoswineryevents.com\/tr\/shop\/rose-sofra-sarabi-5l-10l\/\" aria-label=\"&ldquo;Ros\u00e9 Sofra \u015earab\u0131 \u2013 5L \/ 10L&rdquo; hakk\u0131nda daha fazla bilgi edinin\" data-quantity=\"1\" data-product_id=\"1650\" data-product_sku=\"\" data-price=\"0\" rel=\"nofollow\" class=\"wp-block-button__link  add_to_cart_button\">Devam\u0131n\u0131 oku<\/a><\/div>\n\t\t\t<\/li><li class=\"wc-block-grid__product\">\n\t\t\t\t<a href=\"https:\/\/oinoforoswineryevents.com\/tr\/shop\/sofra-sarabi-kirmizi-5-10-l\/\" class=\"wc-block-grid__product-link\">\n\t\t\t\t\t\n\t\t\t\t\t<div class=\"wc-block-grid__product-image\"><img decoding=\"async\" width=\"300\" height=\"300\" src=\"https:\/\/oinoforoswineryevents.com\/wp-content\/uploads\/2025\/04\/11-300x300.webp\" class=\"attachment-woocommerce_thumbnail size-woocommerce_thumbnail\" alt=\"Kokkino askos\" srcset=\"https:\/\/oinoforoswineryevents.com\/wp-content\/uploads\/2025\/04\/11-300x300.webp 300w, https:\/\/oinoforoswineryevents.com\/wp-content\/uploads\/2025\/04\/11-150x150.webp 150w, https:\/\/oinoforoswineryevents.com\/wp-content\/uploads\/2025\/04\/11-100x100.webp 100w, https:\/\/oinoforoswineryevents.com\/wp-content\/uploads\/2025\/04\/11.webp 394w\" sizes=\"(max-width: 300px) 100vw, 300px\" \/><\/div>\n\t\t\t\t\t<div class=\"wc-block-grid__product-title\">Sofra \u015earab\u0131 K\u0131rm\u0131z\u0131 5 \/ 10 L<\/div>\n\t\t\t\t<\/a>\n\t\t\t\t<div class=\"wc-block-grid__product-price price\"><\/div>\n\t\t\t\t\n\t\t\t\t<div class=\"wp-block-button wc-block-grid__product-add-to-cart\"><a href=\"https:\/\/oinoforoswineryevents.com\/tr\/shop\/sofra-sarabi-kirmizi-5-10-l\/\" aria-label=\"&ldquo;Sofra \u015earab\u0131 K\u0131rm\u0131z\u0131 5 \/ 10 L&rdquo; hakk\u0131nda daha fazla bilgi edinin\" data-quantity=\"1\" data-product_id=\"1652\" data-product_sku=\"\" data-price=\"0\" rel=\"nofollow\" class=\"wp-block-button__link  add_to_cart_button\">Devam\u0131n\u0131 oku<\/a><\/div>\n\t\t\t<\/li><li class=\"wc-block-grid__product\">\n\t\t\t\t<a href=\"https:\/\/oinoforoswineryevents.com\/tr\/shop\/beyaz-sofra-sarabi-5l-10l\/\" class=\"wc-block-grid__product-link\">\n\t\t\t\t\t\n\t\t\t\t\t<div class=\"wc-block-grid__product-image\"><img decoding=\"async\" width=\"300\" height=\"300\" src=\"https:\/\/oinoforoswineryevents.com\/wp-content\/uploads\/2025\/04\/10-300x300.webp\" class=\"attachment-woocommerce_thumbnail size-woocommerce_thumbnail\" alt=\"lefko askos\" srcset=\"https:\/\/oinoforoswineryevents.com\/wp-content\/uploads\/2025\/04\/10-300x300.webp 300w, https:\/\/oinoforoswineryevents.com\/wp-content\/uploads\/2025\/04\/10-150x150.webp 150w, https:\/\/oinoforoswineryevents.com\/wp-content\/uploads\/2025\/04\/10-100x100.webp 100w, https:\/\/oinoforoswineryevents.com\/wp-content\/uploads\/2025\/04\/10.webp 394w\" sizes=\"(max-width: 300px) 100vw, 300px\" \/><\/div>\n\t\t\t\t\t<div class=\"wc-block-grid__product-title\">Beyaz Sofra \u015earab\u0131 \u2013 5L \/ 10L<\/div>\n\t\t\t\t<\/a>\n\t\t\t\t<div class=\"wc-block-grid__product-price price\"><\/div>\n\t\t\t\t\n\t\t\t\t<div class=\"wp-block-button wc-block-grid__product-add-to-cart\"><a href=\"https:\/\/oinoforoswineryevents.com\/tr\/shop\/beyaz-sofra-sarabi-5l-10l\/\" aria-label=\"&ldquo;Beyaz Sofra \u015earab\u0131 \u2013 5L \/ 10L&rdquo; hakk\u0131nda daha fazla bilgi edinin\" data-quantity=\"1\" data-product_id=\"1653\" data-product_sku=\"\" data-price=\"0\" rel=\"nofollow\" class=\"wp-block-button__link  add_to_cart_button\">Devam\u0131n\u0131 oku<\/a><\/div>\n\t\t\t<\/li><li class=\"wc-block-grid__product\">\n\t\t\t\t<a href=\"https:\/\/oinoforoswineryevents.com\/tr\/shop\/makara-kirmizi-sek-180-ml\/\" class=\"wc-block-grid__product-link\">\n\t\t\t\t\t\n\t\t\t\t\t<div class=\"wc-block-grid__product-image\"><img loading=\"lazy\" decoding=\"async\" width=\"300\" height=\"300\" src=\"https:\/\/oinoforoswineryevents.com\/wp-content\/uploads\/2025\/04\/8-300x300.webp\" class=\"attachment-woocommerce_thumbnail size-woocommerce_thumbnail\" alt=\"makara 180\" srcset=\"https:\/\/oinoforoswineryevents.com\/wp-content\/uploads\/2025\/04\/8-300x300.webp 300w, https:\/\/oinoforoswineryevents.com\/wp-content\/uploads\/2025\/04\/8-150x150.webp 150w, https:\/\/oinoforoswineryevents.com\/wp-content\/uploads\/2025\/04\/8-100x100.webp 100w, https:\/\/oinoforoswineryevents.com\/wp-content\/uploads\/2025\/04\/8.webp 394w\" sizes=\"(max-width: 300px) 100vw, 300px\" \/><\/div>\n\t\t\t\t\t<div class=\"wc-block-grid__product-title\">Makara K\u0131rm\u0131z\u0131 Sek 180 ml<\/div>\n\t\t\t\t<\/a>\n\t\t\t\t<div class=\"wc-block-grid__product-price price\"><span class=\"woocommerce-Price-amount amount\">2,00&nbsp;<span class=\"woocommerce-Price-currencySymbol\">&euro;<\/span><\/span><\/div>\n\t\t\t\t\n\t\t\t\t<div class=\"wp-block-button wc-block-grid__product-add-to-cart\"><a href=\"https:\/\/oinoforoswineryevents.com\/tr\/shop\/makara-kirmizi-sek-180-ml\/\" aria-label=\"&ldquo;Makara K\u0131rm\u0131z\u0131 Sek 180 ml&rdquo; i\u00e7in se\u00e7enekleri se\u00e7in\" data-quantity=\"1\" data-product_id=\"1657\" data-product_sku=\"12397-1\" data-price=\"2\" rel=\"nofollow\" class=\"wp-block-button__link  add_to_cart_button\">Se\u00e7enekler<\/a><\/div>\n\t\t\t<\/li><\/ul><\/div><\/div>\n<\/div>\n","protected":false},"excerpt":{"rendered":"","protected":false},"author":1,"featured_media":0,"parent":0,"menu_order":0,"comment_status":"closed","ping_status":"closed","template":"","meta":{"_acf_changed":false,"footnotes":""},"class_list":["post-1644","page","type-page","status-publish","hentry"],"acf":[],"_links":{"self":[{"href":"https:\/\/oinoforoswineryevents.com\/tr\/wp-json\/wp\/v2\/pages\/1644","targetHints":{"allow":["GET"]}}],"collection":[{"href":"https:\/\/oinoforoswineryevents.com\/tr\/wp-json\/wp\/v2\/pages"}],"about":[{"href":"https:\/\/oinoforoswineryevents.com\/tr\/wp-json\/wp\/v2\/types\/page"}],"author":[{"embeddable":true,"href":"https:\/\/oinoforoswineryevents.com\/tr\/wp-json\/wp\/v2\/users\/1"}],"replies":[{"embeddable":true,"href":"https:\/\/oinoforoswineryevents.com\/tr\/wp-json\/wp\/v2\/comments?post=1644"}],"version-history":[{"count":3,"href":"https:\/\/oinoforoswineryevents.com\/tr\/wp-json\/wp\/v2\/pages\/1644\/revisions"}],"predecessor-version":[{"id":2601,"href":"https:\/\/oinoforoswineryevents.com\/tr\/wp-json\/wp\/v2\/pages\/1644\/revisions\/2601"}],"wp:attachment":[{"href":"https:\/\/oinoforoswineryevents.com\/tr\/wp-json\/wp\/v2\/media?parent=1644"}],"curies":[{"name":"wp","href":"https:\/\/api.w.org\/{rel}","templated":true}]}}