{"id":1636,"date":"2025-04-18T00:34:01","date_gmt":"2025-04-18T00:34:01","guid":{"rendered":"https:\/\/oinoforoswineryevents.com\/sarap\/"},"modified":"2025-06-11T13:01:39","modified_gmt":"2025-06-11T13:01:39","slug":"sarap","status":"publish","type":"page","link":"https:\/\/oinoforoswineryevents.com\/tr\/sarap\/","title":{"rendered":"\u015eARAP"},"content":{"rendered":"\t\t<div data-elementor-type=\"wp-page\" data-elementor-id=\"1636\" class=\"elementor elementor-1636 elementor-1231\">\n\t\t\t\t<div class=\"elementor-element elementor-element-69cfa25 e-flex e-con-boxed e-con e-parent\" data-id=\"69cfa25\" data-element_type=\"container\" data-settings=\"{&quot;background_background&quot;:&quot;video&quot;,&quot;background_video_link&quot;:&quot;https:\\\/\\\/youtu.be\\\/xnNenxw4hCk&quot;,&quot;background_play_once&quot;:&quot;yes&quot;,&quot;background_play_on_mobile&quot;:&quot;yes&quot;}\">\n\t\t\t\t\t<div class=\"e-con-inner\">\n\t\t<div class=\"elementor-background-video-container\" aria-hidden=\"true\">\n\t\t\t\t\t\t\t<div class=\"elementor-background-video-embed\"><\/div>\n\t\t\t\t\t\t<\/div>\t\t<div class=\"elementor-element elementor-element-85d7a38 elementor-widget elementor-widget-heading\" data-id=\"85d7a38\" data-element_type=\"widget\" data-widget_type=\"heading.default\">\n\t\t\t\t<div class=\"elementor-widget-container\">\n\t\t\t\t\t<h2 class=\"elementor-heading-title elementor-size-default\">Ba\u011flar ve Yeti\u015ftirilen \u00c7e\u015fitler<\/h2>\t\t\t\t<\/div>\n\t\t\t\t<\/div>\n\t\t\t\t\t<\/div>\n\t\t\t\t<\/div>\n\t\t<div class=\"elementor-element elementor-element-3cff826 e-flex e-con-boxed e-con e-parent\" data-id=\"3cff826\" data-element_type=\"container\">\n\t\t\t\t\t<div class=\"e-con-inner\">\n\t\t<div class=\"elementor-element elementor-element-7f49659 e-con-full e-flex e-con e-child\" data-id=\"7f49659\" data-element_type=\"container\">\n\t\t\t\t<div class=\"elementor-element elementor-element-b513ff5 elementor-widget elementor-widget-text-editor\" data-id=\"b513ff5\" data-element_type=\"widget\" data-widget_type=\"text-editor.default\">\n\t\t\t\t<div class=\"elementor-widget-container\">\n\t\t\t\t\t\t\t\t\t<p>Lesvos&#8217;un kalbinde, Kariyo ve Megalochori ba\u011flar\u0131nda bulunan Oinoforos \u015earaphanesi, adan\u0131n zengin miras\u0131n\u0131 ve benzersiz kimli\u011fini ortaya koyan se\u00e7kin \u015faraplar \u00fcretmektedir. Lesvos ba\u011flar\u0131n\u0131n \u00f6zg\u00fcnl\u00fc\u011f\u00fcn\u00fcn ve \u00e7e\u015fitlili\u011finin beden buldu\u011fu \u00fcz\u00fcmler, ba\u011fc\u0131l\u0131k sanat\u0131 hakk\u0131nda derin bir bilgiye dayanarak ve topra\u011fa sayg\u0131 g\u00f6stererek b\u00fcy\u00fck bir \u00f6zenle yeti\u015ftirilmektedir. <br>OinoforosBa\u011flar\u0131, Yunanistan\u2019\u0131n e\u015fsiz \u00fcz\u00fcmlerinden Asyrtiko, Athiri, Malagousia, Mandilaria, Fokiano ve Vapsa \u00e7e\u015fitlerini b\u00fcnyesinde bar\u0131nd\u0131r\u0131r. Her \u00fcz\u00fcm kendine \u00f6zg\u00fcd\u00fcr.Bu \u00fcz\u00fcmlerden modern ve geleneksel teknikler birarada kullan\u0131lmak suretiyle\u00f6zg\u00fcnl\u00fck ve yenili\u011fin birle\u015ftirildi\u011fi \u015faraplar \u00fcretilir. <\/p>\t\t\t\t\t\t\t\t<\/div>\n\t\t\t\t<\/div>\n\t\t\t\t<\/div>\n\t\t<div class=\"elementor-element elementor-element-e9e10e7 e-con-full e-flex e-con e-child\" data-id=\"e9e10e7\" data-element_type=\"container\">\n\t\t\t\t<div class=\"elementor-element elementor-element-baa5abc elementor-widget elementor-widget-image\" data-id=\"baa5abc\" data-element_type=\"widget\" data-widget_type=\"image.default\">\n\t\t\t\t<div class=\"elementor-widget-container\">\n\t\t\t\t\t\t\t\t\t\t\t\t\t\t\t<img fetchpriority=\"high\" decoding=\"async\" width=\"848\" height=\"734\" src=\"https:\/\/oinoforoswineryevents.com\/wp-content\/uploads\/2025\/06\/\u039d\u03bf-6.webp\" class=\"attachment-full size-full wp-image-3843\" alt=\"ktima oinoforos 6\" srcset=\"https:\/\/oinoforoswineryevents.com\/wp-content\/uploads\/2025\/06\/\u039d\u03bf-6.webp 848w, https:\/\/oinoforoswineryevents.com\/wp-content\/uploads\/2025\/06\/\u039d\u03bf-6-300x260.webp 300w, https:\/\/oinoforoswineryevents.com\/wp-content\/uploads\/2025\/06\/\u039d\u03bf-6-768x665.webp 768w, https:\/\/oinoforoswineryevents.com\/wp-content\/uploads\/2025\/06\/\u039d\u03bf-6-600x519.webp 600w\" sizes=\"(max-width: 848px) 100vw, 848px\" \/>\t\t\t\t\t\t\t\t\t\t\t\t\t\t\t<\/div>\n\t\t\t\t<\/div>\n\t\t\t\t<\/div>\n\t\t\t\t\t<\/div>\n\t\t\t\t<\/div>\n\t\t<div class=\"elementor-element elementor-element-53e0f73 e-flex e-con-boxed e-con e-parent\" data-id=\"53e0f73\" data-element_type=\"container\">\n\t\t\t\t\t<div class=\"e-con-inner\">\n\t\t<div class=\"elementor-element elementor-element-8a46b15 e-con-full e-flex e-con e-child\" data-id=\"8a46b15\" data-element_type=\"container\">\n\t\t\t\t<div class=\"elementor-element elementor-element-595fd88 elementor-widget elementor-widget-text-editor\" data-id=\"595fd88\" data-element_type=\"widget\" data-widget_type=\"text-editor.default\">\n\t\t\t\t<div class=\"elementor-widget-container\">\n\t\t\t\t\t\t\t\t\t<p>\u015earaphanenin yeni bir giri\u015fimi, Morya b\u00f6lgesinde, Roma Su Kemeri\u2019ne sadece 500 metre mesafede bir ba\u011fc\u0131l\u0131k ve zeytinlik kurmakt\u0131r. \u00d6zellikle, son y\u0131llarda yeniden pop\u00fcler hale gelen ve g\u00fc\u00e7l\u00fc aromatik \u00f6zellikleri ile bilinen Yunan beyaz \u00fcz\u00fcm \u00e7e\u015fidi Malagouzia yeti\u015ftirilmektedir. Malagouzia\u2019dan \u00fcretilen \u015farap, yasemin ve narenciye \u00e7i\u00e7ekleri gibi \u00e7i\u00e7eksi aromalar\u0131n yan\u0131 s\u0131ra \u015feftali, armut ve kavun gibi meyvemsi notalarla dikkat \u00e7eker. Tad\u0131m\u0131 zengin olup, orta derecede asiditeye ve genellikle tereya\u011fl\u0131 bir dokuya sahiptir, bu da onu hem aperatif hem de yemeklere e\u015flik etmek i\u00e7in ideal bir se\u00e7enek yapar.   <\/p>\t\t\t\t\t\t\t\t<\/div>\n\t\t\t\t<\/div>\n\t\t\t\t<\/div>\n\t\t<div class=\"elementor-element elementor-element-d22bae3 e-con-full e-flex e-con e-child\" data-id=\"d22bae3\" data-element_type=\"container\">\n\t\t\t\t<div class=\"elementor-element elementor-element-55873fb elementor-widget elementor-widget-image\" data-id=\"55873fb\" data-element_type=\"widget\" data-widget_type=\"image.default\">\n\t\t\t\t<div class=\"elementor-widget-container\">\n\t\t\t\t\t\t\t\t\t\t\t\t\t\t\t<img decoding=\"async\" width=\"848\" height=\"734\" src=\"https:\/\/oinoforoswineryevents.com\/wp-content\/uploads\/2025\/06\/\u039d\u03bf-7.jpg\" class=\"attachment-full size-full wp-image-3846\" alt=\"ktima oinoforos 7\" srcset=\"https:\/\/oinoforoswineryevents.com\/wp-content\/uploads\/2025\/06\/\u039d\u03bf-7.jpg 848w, https:\/\/oinoforoswineryevents.com\/wp-content\/uploads\/2025\/06\/\u039d\u03bf-7-300x260.jpg 300w, https:\/\/oinoforoswineryevents.com\/wp-content\/uploads\/2025\/06\/\u039d\u03bf-7-768x665.jpg 768w, https:\/\/oinoforoswineryevents.com\/wp-content\/uploads\/2025\/06\/\u039d\u03bf-7-600x519.jpg 600w\" sizes=\"(max-width: 848px) 100vw, 848px\" \/>\t\t\t\t\t\t\t\t\t\t\t\t\t\t\t<\/div>\n\t\t\t\t<\/div>\n\t\t\t\t<\/div>\n\t\t\t\t\t<\/div>\n\t\t\t\t<\/div>\n\t\t<div class=\"elementor-element elementor-element-837ebec e-flex e-con-boxed e-con e-parent\" data-id=\"837ebec\" data-element_type=\"container\">\n\t\t\t\t\t<div class=\"e-con-inner\">\n\t\t<div class=\"elementor-element elementor-element-f8b21ee e-con-full e-flex e-con e-child\" data-id=\"f8b21ee\" data-element_type=\"container\">\n\t\t\t\t<div class=\"elementor-element elementor-element-ed530b2 elementor-widget elementor-widget-text-editor\" data-id=\"ed530b2\" data-element_type=\"widget\" data-widget_type=\"text-editor.default\">\n\t\t\t\t<div class=\"elementor-widget-container\">\n\t\t\t\t\t\t\t\t\t<p>Bu giri\u015fimin amac\u0131, Kara Tepe&#8217;deki ziyaret edilebilir \u015faraphaneyi ba\u011fc\u0131l\u0131kla birle\u015ftirerek, \u015farap yap\u0131m s\u00fcrecinin ba\u015flad\u0131\u011f\u0131 yerde rehberli turlar ve tad\u0131m etkinlikleri sunmakt\u0131r. Ayr\u0131ca, ziyaret\u00e7iler, adan\u0131n en \u00f6nemli arkeolojik an\u0131tlar\u0131ndan biri olan Roma Su Kemeri&#8217;ni g\u00f6rme f\u0131rsat\u0131na sahip olacaklar. Su kemeri, 2. veya 3. y\u00fczy\u0131la tarihlenmektedir ve Roma d\u00f6neminde, antik Mytilene \u015fehrine su sa\u011flamak amac\u0131yla Agiasou b\u00f6lgesinden su ta\u015f\u0131maktayd\u0131. Bu etkileyici yap\u0131, Roma teknolojisinin bir kan\u0131t\u0131 ve o d\u00f6nemin ekonomik ve sosyal refah\u0131n\u0131n bir sembol\u00fcd\u00fcr. Bug\u00fcn, su kemeri, Lesvos&#8217;un mimari miras\u0131n\u0131n bir par\u00e7as\u0131 olarak korunmaktad\u0131r.<\/p>\t\t\t\t\t\t\t\t<\/div>\n\t\t\t\t<\/div>\n\t\t\t\t<\/div>\n\t\t<div class=\"elementor-element elementor-element-6471a4e e-con-full e-flex e-con e-child\" data-id=\"6471a4e\" data-element_type=\"container\">\n\t\t\t\t<div class=\"elementor-element elementor-element-33f1a37 elementor-widget elementor-widget-image\" data-id=\"33f1a37\" data-element_type=\"widget\" data-widget_type=\"image.default\">\n\t\t\t\t<div class=\"elementor-widget-container\">\n\t\t\t\t\t\t\t\t\t\t\t\t\t\t\t<img decoding=\"async\" width=\"413\" height=\"599\" src=\"https:\/\/oinoforoswineryevents.com\/wp-content\/uploads\/2025\/04\/winery5.webp\" class=\"attachment-full size-full wp-image-1405\" alt=\"\" srcset=\"https:\/\/oinoforoswineryevents.com\/wp-content\/uploads\/2025\/04\/winery5.webp 413w, https:\/\/oinoforoswineryevents.com\/wp-content\/uploads\/2025\/04\/winery5-207x300.webp 207w\" sizes=\"(max-width: 413px) 100vw, 413px\" \/>\t\t\t\t\t\t\t\t\t\t\t\t\t\t\t<\/div>\n\t\t\t\t<\/div>\n\t\t\t\t<\/div>\n\t\t\t\t\t<\/div>\n\t\t\t\t<\/div>\n\t\t<div class=\"elementor-element elementor-element-d02712f e-flex e-con-boxed e-con e-parent\" data-id=\"d02712f\" data-element_type=\"container\">\n\t\t\t\t\t<div class=\"e-con-inner\">\n\t\t<div class=\"elementor-element elementor-element-2914bd7 e-con-full e-flex e-con e-child\" data-id=\"2914bd7\" data-element_type=\"container\">\n\t\t\t\t<div class=\"elementor-element elementor-element-8fcbdce elementor-widget elementor-widget-text-editor\" data-id=\"8fcbdce\" data-element_type=\"widget\" data-widget_type=\"text-editor.default\">\n\t\t\t\t<div class=\"elementor-widget-container\">\n\t\t\t\t\t\t\t\t\t<p>\u0130nce tatlar, canl\u0131 aromalar ve i\u00e7imden sonra uzun s\u00fcredamaktakalan tatlar i\u00e7eren \u015faraplar\u0131n \u00fcretimineLesvos&#8217;uniklim dengesi, denizi ve kendine \u00f6zg\u00fc toprak yap\u0131s\u0131 katk\u0131 sa\u011flamaktad\u0131r. Adan\u0131n kendine has ko\u015fullar\u0131na m\u00fckemmel bir \u015fekilde uyum sa\u011flam\u0131\u015f yerel \u00fcz\u00fcm\u00e7e\u015fitleri, b\u00f6lgenin gastronomik miras\u0131n\u0131 ve do\u011fal g\u00fczelliklerini yans\u0131tan \u015faraplar\u0131n yarat\u0131lmas\u0131na olanak sa\u011flamaktad\u0131r. <\/p><p>\u00dcz\u00fcm \u00c7e\u015fitlerinin \u00d6zellikleri<\/p><ul><li><strong>Asyrtiko:<\/strong> Yunanistan\u2019\u0131n en se\u00e7kin beyaz\u00fcz\u00fcm \u00e7e\u015fitlerinden biridir.Y\u00fcksek asiditesi ve belirgin karakteristik yap\u0131s\u0131yla tan\u0131n\u0131r.<\/li><li><strong>Athiri:<\/strong> Geleneksel bir beyaz \u00fcz\u00fcm \u00e7e\u015fidi olup hafif bir aroma ve meyvemsi bir karaktere sahiptir.D\u00fc\u015f\u00fck asiditeli,dengeli ve i\u00e7imden sonra damakta ho\u015f bir tat b\u0131rakan \u015faraplar\u0131n \u00fcretiminde kullan\u0131l\u0131r. <\/li><li><strong>Malagousia:<\/strong> Aromatik bir beyaz \u00fcz\u00fcm\u00e7e\u015fididir.Narenciye ve tropikal meyve aromalar\u0131 i\u00e7eren yo\u011fun bir aromaya sahip olmas\u0131n\u0131n yan\u0131 s\u0131ra zengin, kadifemsi bir dokusu vard\u0131r.<\/li><li><strong>Mandilaria: <\/strong>Koyu renge ve g\u00fc\u00e7l\u00fc bir karaktere sahip olan bir k\u0131rm\u0131z\u0131 \u00fcz\u00fcm \u00e7e\u015fididir. Yo\u011fun tanenlere ve siyah meyve aromalar\u0131na sahip, y\u0131lland\u0131r\u0131lmak i\u00e7in ideal olan \u015faraplar\u0131n \u00fcretiminde kullan\u0131l\u0131r. <\/li><li><strong>Fokiano: <\/strong>Ba\u015fl\u0131caLesvos&#8217;ta yeti\u015ftirilen \u00f6zelbir \u00fcz\u00fcm \u00e7e\u015fididir. K\u0131rm\u0131z\u0131 meyve aromalar\u0131, ho\u015f asidite ve yumu\u015fak tanenler i\u00e7eren \u015faraplar\u0131n \u00fcretiminde kullan\u0131l\u0131r. <\/li><li><strong>Vapsa:<\/strong> Canl\u0131 birrenge vem\u00fcrd\u00fcm eri\u011fi-baharat bile\u015fenleri i\u00e7eren aromaya sahipyerel bir k\u0131rm\u0131z\u0131 \u00fcz\u00fcm \u00e7e\u015fididir. Kadifemsi dokusuyla dikkat \u00e7eker.<\/li><\/ul>\t\t\t\t\t\t\t\t<\/div>\n\t\t\t\t<\/div>\n\t\t\t\t<\/div>\n\t\t<div class=\"elementor-element elementor-element-cb397ad e-con-full e-flex e-con e-child\" data-id=\"cb397ad\" data-element_type=\"container\">\n\t\t\t\t<div class=\"elementor-element elementor-element-9d3e73b elementor-widget elementor-widget-image\" data-id=\"9d3e73b\" data-element_type=\"widget\" data-widget_type=\"image.default\">\n\t\t\t\t<div class=\"elementor-widget-container\">\n\t\t\t\t\t\t\t\t\t\t\t\t\t\t\t<img loading=\"lazy\" decoding=\"async\" width=\"480\" height=\"856\" src=\"https:\/\/oinoforoswineryevents.com\/wp-content\/uploads\/2025\/06\/\u039d\u03bf-9.webp\" class=\"attachment-full size-full wp-image-3849\" alt=\"ktima oinoforos 9\" srcset=\"https:\/\/oinoforoswineryevents.com\/wp-content\/uploads\/2025\/06\/\u039d\u03bf-9.webp 480w, https:\/\/oinoforoswineryevents.com\/wp-content\/uploads\/2025\/06\/\u039d\u03bf-9-168x300.webp 168w\" sizes=\"(max-width: 480px) 100vw, 480px\" \/>\t\t\t\t\t\t\t\t\t\t\t\t\t\t\t<\/div>\n\t\t\t\t<\/div>\n\t\t\t\t<\/div>\n\t\t\t\t\t<\/div>\n\t\t\t\t<\/div>\n\t\t\t\t<\/div>\n\t\t","protected":false},"excerpt":{"rendered":"<p>Ba\u011flar ve Yeti\u015ftirilen \u00c7e\u015fitler Lesvos&#8217;un kalbinde, Kariyo ve Megalochori ba\u011flar\u0131nda bulunan Oinoforos \u015earaphanesi, adan\u0131n zengin miras\u0131n\u0131 ve benzersiz kimli\u011fini ortaya koyan se\u00e7kin \u015faraplar \u00fcretmektedir. Lesvos ba\u011flar\u0131n\u0131n \u00f6zg\u00fcnl\u00fc\u011f\u00fcn\u00fcn ve \u00e7e\u015fitlili\u011finin beden buldu\u011fu \u00fcz\u00fcmler, ba\u011fc\u0131l\u0131k sanat\u0131 hakk\u0131nda derin bir bilgiye dayanarak ve topra\u011fa sayg\u0131 g\u00f6stererek b\u00fcy\u00fck bir \u00f6zenle yeti\u015ftirilmektedir. OinoforosBa\u011flar\u0131, Yunanistan\u2019\u0131n e\u015fsiz \u00fcz\u00fcmlerinden Asyrtiko, Athiri, Malagousia, Mandilaria, [&hellip;]<\/p>\n","protected":false},"author":1,"featured_media":0,"parent":0,"menu_order":0,"comment_status":"closed","ping_status":"closed","template":"","meta":{"_acf_changed":false,"footnotes":""},"class_list":["post-1636","page","type-page","status-publish","hentry"],"acf":[],"_links":{"self":[{"href":"https:\/\/oinoforoswineryevents.com\/tr\/wp-json\/wp\/v2\/pages\/1636","targetHints":{"allow":["GET"]}}],"collection":[{"href":"https:\/\/oinoforoswineryevents.com\/tr\/wp-json\/wp\/v2\/pages"}],"about":[{"href":"https:\/\/oinoforoswineryevents.com\/tr\/wp-json\/wp\/v2\/types\/page"}],"author":[{"embeddable":true,"href":"https:\/\/oinoforoswineryevents.com\/tr\/wp-json\/wp\/v2\/users\/1"}],"replies":[{"embeddable":true,"href":"https:\/\/oinoforoswineryevents.com\/tr\/wp-json\/wp\/v2\/comments?post=1636"}],"version-history":[{"count":3,"href":"https:\/\/oinoforoswineryevents.com\/tr\/wp-json\/wp\/v2\/pages\/1636\/revisions"}],"predecessor-version":[{"id":3854,"href":"https:\/\/oinoforoswineryevents.com\/tr\/wp-json\/wp\/v2\/pages\/1636\/revisions\/3854"}],"wp:attachment":[{"href":"https:\/\/oinoforoswineryevents.com\/tr\/wp-json\/wp\/v2\/media?parent=1636"}],"curies":[{"name":"wp","href":"https:\/\/api.w.org\/{rel}","templated":true}]}}