{"id":1632,"date":"2025-03-15T19:21:12","date_gmt":"2025-03-15T19:21:12","guid":{"rendered":"https:\/\/oinoforoswineryevents.com\/ana-sayfa\/"},"modified":"2026-01-21T12:35:57","modified_gmt":"2026-01-21T12:35:57","slug":"ana-sayfa","status":"publish","type":"page","link":"https:\/\/oinoforoswineryevents.com\/tr\/","title":{"rendered":"Ana Sayfa"},"content":{"rendered":"\t\t<div data-elementor-type=\"wp-page\" data-elementor-id=\"1632\" class=\"elementor elementor-1632 elementor-20\">\n\t\t\t\t<div class=\"elementor-element elementor-element-0d0e73f e-flex e-con-boxed e-con e-parent\" data-id=\"0d0e73f\" data-element_type=\"container\" data-settings=\"{&quot;background_background&quot;:&quot;video&quot;,&quot;background_video_link&quot;:&quot;https:\\\/\\\/youtu.be\\\/-SE-FJ0cz8o&quot;,&quot;background_play_once&quot;:&quot;yes&quot;,&quot;background_play_on_mobile&quot;:&quot;yes&quot;}\">\n\t\t\t\t\t<div class=\"e-con-inner\">\n\t\t<div class=\"elementor-background-video-container\" aria-hidden=\"true\">\n\t\t\t\t\t\t\t<div class=\"elementor-background-video-embed\"><\/div>\n\t\t\t\t\t\t<\/div><div class=\"elementor-element elementor-element-d31aa8f e-con-full e-flex e-con e-child\" data-id=\"d31aa8f\" data-element_type=\"container\">\n\t\t\t\t<div class=\"elementor-element elementor-element-c07dd4d elementor-widget elementor-widget-heading\" data-id=\"c07dd4d\" data-element_type=\"widget\" data-widget_type=\"heading.default\">\n\t\t\t\t<div class=\"elementor-widget-container\">\n\t\t\t\t\t<h2 class=\"elementor-heading-title elementor-size-default\">Unutulmaz d\u00fc\u011f\u00fcn ve vaftiz organizasyonlar\u0131<\/h2>\t\t\t\t<\/div>\n\t\t\t\t<\/div>\n\t\t\t\t<div class=\"elementor-element elementor-element-0f17609 elementor-widget elementor-widget-button\" data-id=\"0f17609\" data-element_type=\"widget\" data-widget_type=\"button.default\">\n\t\t\t\t<div class=\"elementor-widget-container\">\n\t\t\t\t\t\t\t\t\t<div class=\"elementor-button-wrapper\">\n\t\t\t\t\t<a class=\"elementor-button elementor-button-link elementor-size-sm\" href=\"https:\/\/oinoforoswineryevents.com\/tr\/saraphane\/\">\n\t\t\t\t\t\t<span class=\"elementor-button-content-wrapper\">\n\t\t\t\t\t\t\t\t\t<span class=\"elementor-button-text\">\u015earaphanemizi ve etkinlik alan\u0131m\u0131z\u0131 ke\u015ffedin<\/span>\n\t\t\t\t\t<\/span>\n\t\t\t\t\t<\/a>\n\t\t\t\t<\/div>\n\t\t\t\t\t\t\t\t<\/div>\n\t\t\t\t<\/div>\n\t\t\t\t<\/div>\n\t\t<div class=\"elementor-element elementor-element-78c9053 e-con-full e-flex e-con e-child\" data-id=\"78c9053\" data-element_type=\"container\">\n\t\t<div class=\"elementor-element elementor-element-dd972c2 e-con-full e-flex e-con e-child\" data-id=\"dd972c2\" data-element_type=\"container\">\n\t\t\t\t<div class=\"elementor-element elementor-element-b6eda4d elementor-align-center elementor-widget__width-inherit elementor-widget elementor-widget-button\" data-id=\"b6eda4d\" data-element_type=\"widget\" data-widget_type=\"button.default\">\n\t\t\t\t<div class=\"elementor-widget-container\">\n\t\t\t\t\t\t\t\t\t<div class=\"elementor-button-wrapper\">\n\t\t\t\t\t<a class=\"elementor-button elementor-button-link elementor-size-sm\" href=\"https:\/\/oinoforoswineryevents.com\/tr\/saraphane\/\">\n\t\t\t\t\t\t<span class=\"elementor-button-content-wrapper\">\n\t\t\t\t\t\t\t\t\t<span class=\"elementor-button-text\">\u015earaphane<\/span>\n\t\t\t\t\t<\/span>\n\t\t\t\t\t<\/a>\n\t\t\t\t<\/div>\n\t\t\t\t\t\t\t\t<\/div>\n\t\t\t\t<\/div>\n\t\t\t\t<div class=\"elementor-element elementor-element-28aee62 elementor-align-justify elementor-widget__width-inherit elementor-widget elementor-widget-button\" data-id=\"28aee62\" data-element_type=\"widget\" data-widget_type=\"button.default\">\n\t\t\t\t<div class=\"elementor-widget-container\">\n\t\t\t\t\t\t\t\t\t<div class=\"elementor-button-wrapper\">\n\t\t\t\t\t<a class=\"elementor-button elementor-button-link elementor-size-sm\" href=\"https:\/\/oinoforoswineryevents.com\/tr\/etkinlikler\/\">\n\t\t\t\t\t\t<span class=\"elementor-button-content-wrapper\">\n\t\t\t\t\t\t\t\t\t<span class=\"elementor-button-text\">Sosyal ve kurumsal etkinlikler<\/span>\n\t\t\t\t\t<\/span>\n\t\t\t\t\t<\/a>\n\t\t\t\t<\/div>\n\t\t\t\t\t\t\t\t<\/div>\n\t\t\t\t<\/div>\n\t\t\t\t<\/div>\n\t\t\t\t<\/div>\n\t\t\t\t\t<\/div>\n\t\t\t\t<\/div>\n\t\t<div class=\"elementor-element elementor-element-24d120c e-flex e-con-boxed e-con e-parent\" data-id=\"24d120c\" data-element_type=\"container\">\n\t\t\t\t\t<div class=\"e-con-inner\">\n\t\t\t\t<div class=\"elementor-element elementor-element-8c1535d elementor-widget elementor-widget-heading\" data-id=\"8c1535d\" data-element_type=\"widget\" data-widget_type=\"heading.default\">\n\t\t\t\t<div class=\"elementor-widget-container\">\n\t\t\t\t\t<h2 class=\"elementor-heading-title elementor-size-default\">Hik\u00e2yemiz<\/h2>\t\t\t\t<\/div>\n\t\t\t\t<\/div>\n\t\t\t\t\t<\/div>\n\t\t\t\t<\/div>\n\t\t<div class=\"elementor-element elementor-element-70b760e e-flex e-con-boxed e-con e-parent\" data-id=\"70b760e\" data-element_type=\"container\">\n\t\t\t\t\t<div class=\"e-con-inner\">\n\t\t\t\t<div class=\"elementor-element elementor-element-47bd09a elementor-widget__width-inherit elementor-widget elementor-widget-image\" data-id=\"47bd09a\" data-element_type=\"widget\" data-widget_type=\"image.default\">\n\t\t\t\t<div class=\"elementor-widget-container\">\n\t\t\t\t\t\t\t\t\t\t\t\t\t\t\t<img fetchpriority=\"high\" decoding=\"async\" width=\"561\" height=\"527\" src=\"https:\/\/oinoforoswineryevents.com\/wp-content\/uploads\/2025\/04\/home1.webp\" class=\"attachment-full size-full wp-image-1389\" alt=\"\" srcset=\"https:\/\/oinoforoswineryevents.com\/wp-content\/uploads\/2025\/04\/home1.webp 561w, https:\/\/oinoforoswineryevents.com\/wp-content\/uploads\/2025\/04\/home1-300x282.webp 300w\" sizes=\"(max-width: 561px) 100vw, 561px\" \/>\t\t\t\t\t\t\t\t\t\t\t\t\t\t\t<\/div>\n\t\t\t\t<\/div>\n\t\t\t\t<div class=\"elementor-element elementor-element-030fc04 elementor-widget elementor-widget-text-editor\" data-id=\"030fc04\" data-element_type=\"widget\" data-widget_type=\"text-editor.default\">\n\t\t\t\t<div class=\"elementor-widget-container\">\n\t\t\t\t\t\t\t\t\t<p>Toskana, Puglia ve Calabria ba\u011flar\u0131ndan gelen g\u00f6r\u00fcnt\u00fcler, aromalar ve tatlar, <strong>Pantelis Paterellis<\/strong>\u2019in \u0130talya\u2019daki \u00f6\u011frenci y\u0131llar\u0131 boyunca kaliteli \u015farap \u00fcretimine olan sevgisini besledi.<\/p>\t\t\t\t\t\t\t\t<\/div>\n\t\t\t\t<\/div>\n\t\t\t\t\t<\/div>\n\t\t\t\t<\/div>\n\t\t<div class=\"elementor-element elementor-element-b78be11 e-flex e-con-boxed e-con e-parent\" data-id=\"b78be11\" data-element_type=\"container\">\n\t\t\t\t\t<div class=\"e-con-inner\">\n\t\t\t\t<div class=\"elementor-element elementor-element-26c22b9 elementor-widget elementor-widget-text-editor\" data-id=\"26c22b9\" data-element_type=\"widget\" data-widget_type=\"text-editor.default\">\n\t\t\t\t<div class=\"elementor-widget-container\">\n\t\t\t\t\t\t\t\t\t<p>\u015earap \u00fcretiminin bu b\u00fcy\u00fcl\u00fc yolculu\u011fu, 2003 y\u0131l\u0131nda Lesvos\u2019ta, \u00f6nce Megalochori&#8217;de ve ard\u0131ndan Kariyo\u2019da, \u00f6zel organoleptik \u00f6zelliklere sahip yerel \u00fcz\u00fcmlerin yeti\u015ftirilmesiyle ba\u015flad\u0131. \u015eirket 2005 y\u0131l\u0131ndakuruldu ve 2009 y\u0131l\u0131nda ilk profesyonel \u015farap \u00fcretimine ge\u00e7ildi. 2012\u2019de ise \u015farap \u00fcretim merkezi, Yunanistan Turizm Ofisi taraf\u0131ndan \u201cZiyarete A\u00e7\u0131k \u015earaphane\u201dlisans\u0131 ald\u0131.  <\/p>\t\t\t\t\t\t\t\t<\/div>\n\t\t\t\t<\/div>\n\t\t\t\t<div class=\"elementor-element elementor-element-5d23acd elementor-widget__width-inherit elementor-widget elementor-widget-image\" data-id=\"5d23acd\" data-element_type=\"widget\" data-widget_type=\"image.default\">\n\t\t\t\t<div class=\"elementor-widget-container\">\n\t\t\t\t\t\t\t\t\t\t\t\t\t\t\t<img decoding=\"async\" width=\"848\" height=\"734\" src=\"https:\/\/oinoforoswineryevents.com\/wp-content\/uploads\/2025\/04\/home2.webp\" class=\"attachment-full size-full wp-image-1391\" alt=\"\" srcset=\"https:\/\/oinoforoswineryevents.com\/wp-content\/uploads\/2025\/04\/home2.webp 848w, https:\/\/oinoforoswineryevents.com\/wp-content\/uploads\/2025\/04\/home2-600x519.webp 600w, https:\/\/oinoforoswineryevents.com\/wp-content\/uploads\/2025\/04\/home2-300x260.webp 300w, https:\/\/oinoforoswineryevents.com\/wp-content\/uploads\/2025\/04\/home2-768x665.webp 768w\" sizes=\"(max-width: 848px) 100vw, 848px\" \/>\t\t\t\t\t\t\t\t\t\t\t\t\t\t\t<\/div>\n\t\t\t\t<\/div>\n\t\t\t\t\t<\/div>\n\t\t\t\t<\/div>\n\t\t<div class=\"elementor-element elementor-element-411ea1a e-flex e-con-boxed e-con e-parent\" data-id=\"411ea1a\" data-element_type=\"container\">\n\t\t\t\t\t<div class=\"e-con-inner\">\n\t\t\t\t<div class=\"elementor-element elementor-element-fdd1961 elementor-widget__width-inherit elementor-widget elementor-widget-image\" data-id=\"fdd1961\" data-element_type=\"widget\" data-widget_type=\"image.default\">\n\t\t\t\t<div class=\"elementor-widget-container\">\n\t\t\t\t\t\t\t\t\t\t\t\t\t\t\t<img decoding=\"async\" width=\"935\" height=\"623\" src=\"https:\/\/oinoforoswineryevents.com\/wp-content\/uploads\/2025\/06\/\u039d\u03bf-3.jpg\" class=\"attachment-full size-full wp-image-3805\" alt=\"ktima oinoforos\" srcset=\"https:\/\/oinoforoswineryevents.com\/wp-content\/uploads\/2025\/06\/\u039d\u03bf-3.jpg 935w, https:\/\/oinoforoswineryevents.com\/wp-content\/uploads\/2025\/06\/\u039d\u03bf-3-300x200.jpg 300w, https:\/\/oinoforoswineryevents.com\/wp-content\/uploads\/2025\/06\/\u039d\u03bf-3-768x512.jpg 768w, https:\/\/oinoforoswineryevents.com\/wp-content\/uploads\/2025\/06\/\u039d\u03bf-3-600x400.jpg 600w\" sizes=\"(max-width: 935px) 100vw, 935px\" \/>\t\t\t\t\t\t\t\t\t\t\t\t\t\t\t<\/div>\n\t\t\t\t<\/div>\n\t\t\t\t<div class=\"elementor-element elementor-element-d818eec elementor-widget elementor-widget-text-editor\" data-id=\"d818eec\" data-element_type=\"widget\" data-widget_type=\"text-editor.default\">\n\t\t\t\t<div class=\"elementor-widget-container\">\n\t\t\t\t\t\t\t\t\t<p>Tesisin modern ve \u015f\u0131k mekanlar\u0131nda turlar, \u015farap tad\u0131m\u0131, konferanslar, seminerler, \u00e7al\u0131\u015ftaylar ve k\u00fclt\u00fcrel etkinlikler d\u00fczenlenmektedir. Tesis ayr\u0131ca 2010 y\u0131l\u0131ndan itibaren pek \u00e7ok d\u00fc\u011f\u00fcn organizasyonu ve vaftiz t\u00f6renine ev sahipli\u011fi yapmak konusunda \u00f6nc\u00fc bir role sahiptir. <\/p>\t\t\t\t\t\t\t\t<\/div>\n\t\t\t\t<\/div>\n\t\t\t\t\t<\/div>\n\t\t\t\t<\/div>\n\t\t<div class=\"elementor-element elementor-element-17afac4 e-flex e-con-boxed e-con e-parent\" data-id=\"17afac4\" data-element_type=\"container\" data-settings=\"{&quot;position&quot;:&quot;fixed&quot;}\">\n\t\t\t\t\t<div class=\"e-con-inner\">\n\t\t\t\t<div class=\"elementor-element elementor-element-6a58f44 elementor-widget__width-initial elementor-widget elementor-widget-html\" data-id=\"6a58f44\" data-element_type=\"widget\" data-widget_type=\"html.default\">\n\t\t\t\t<div class=\"elementor-widget-container\">\n\t\t\t\t\t<style>\r\n  .close-btn {\r\n    position: absolute;\r\n    top: 0px;\r\n    right: 0px;\r\n    border: none;\r\n    font-size: 20px;\r\n    font-weight: bold;\r\n    cursor: pointer;\r\n  }\r\n\r\n  .close-btn:hover {\r\n    background: none;\r\n    color:black;\r\n  }\r\n<\/style>\r\n<div id=\"TA_cdswritereviewlg729\" class=\"TA_cdswritereviewlg\">\r\n  <ul id=\"eTeMB7\" class=\"TA_links yl5v3VUMKx\" style=\"list-style-type: none; margin: 0; padding: 0;\">\r\n    <li id=\"d5wRTOTMQo\" class=\"X1RGXfS6\">\r\n      <a target=\"_blank\" href=\"https:\/\/www.tripadvisor.com\/Attraction_Review-g1450327-d12933833-Reviews-Ktima_Oinoforos-Mytilene_Lesbos_Northeast_Aegean_Islands.html\">\r\n        <img decoding=\"async\" src=\"https:\/\/static.tacdn.com\/img2\/brand_refresh\/Tripadvisor_lockup_horizontal_secondary_registered.svg\" alt=\"TripAdvisor\">\r\n      <\/a>\r\n    <\/li>\r\n  <\/ul>\r\n<\/div>\r\n<button class=\"close-btn\" onclick=\"document.querySelector('.elementor-element-6a58f44').style.display='none';\">\u00d7<\/button>\r\n  \r\n<script async=\"\" src=\"https:\/\/www.jscache.com\/wejs?wtype=cdswritereviewlg&amp;uniq=729&amp;locationId=12933833&amp;lang=en_US&amp;lang=en_US&amp;display_version=2\" data-loadtrk=\"\" onload=\"this.loadtrk=true\"><\/script>\r\n\t\t\t\t<\/div>\n\t\t\t\t<\/div>\n\t\t\t\t\t<\/div>\n\t\t\t\t<\/div>\n\t\t\t\t<\/div>\n\t\t","protected":false},"excerpt":{"rendered":"<p>Unutulmaz d\u00fc\u011f\u00fcn ve vaftiz organizasyonlar\u0131 \u015earaphanemizi ve etkinlik alan\u0131m\u0131z\u0131 ke\u015ffedin \u015earaphane Sosyal ve kurumsal etkinlikler Hik\u00e2yemiz Toskana, Puglia ve Calabria ba\u011flar\u0131ndan gelen g\u00f6r\u00fcnt\u00fcler, aromalar ve tatlar, Pantelis Paterellis\u2019in \u0130talya\u2019daki \u00f6\u011frenci y\u0131llar\u0131 boyunca kaliteli \u015farap \u00fcretimine olan sevgisini besledi. \u015earap \u00fcretiminin bu b\u00fcy\u00fcl\u00fc yolculu\u011fu, 2003 y\u0131l\u0131nda Lesvos\u2019ta, \u00f6nce Megalochori&#8217;de ve ard\u0131ndan Kariyo\u2019da, \u00f6zel organoleptik \u00f6zelliklere sahip [&hellip;]<\/p>\n","protected":false},"author":1,"featured_media":0,"parent":0,"menu_order":0,"comment_status":"closed","ping_status":"closed","template":"","meta":{"_acf_changed":false,"footnotes":""},"class_list":["post-1632","page","type-page","status-publish","hentry"],"acf":[],"_links":{"self":[{"href":"https:\/\/oinoforoswineryevents.com\/tr\/wp-json\/wp\/v2\/pages\/1632","targetHints":{"allow":["GET"]}}],"collection":[{"href":"https:\/\/oinoforoswineryevents.com\/tr\/wp-json\/wp\/v2\/pages"}],"about":[{"href":"https:\/\/oinoforoswineryevents.com\/tr\/wp-json\/wp\/v2\/types\/page"}],"author":[{"embeddable":true,"href":"https:\/\/oinoforoswineryevents.com\/tr\/wp-json\/wp\/v2\/users\/1"}],"replies":[{"embeddable":true,"href":"https:\/\/oinoforoswineryevents.com\/tr\/wp-json\/wp\/v2\/comments?post=1632"}],"version-history":[{"count":11,"href":"https:\/\/oinoforoswineryevents.com\/tr\/wp-json\/wp\/v2\/pages\/1632\/revisions"}],"predecessor-version":[{"id":4659,"href":"https:\/\/oinoforoswineryevents.com\/tr\/wp-json\/wp\/v2\/pages\/1632\/revisions\/4659"}],"wp:attachment":[{"href":"https:\/\/oinoforoswineryevents.com\/tr\/wp-json\/wp\/v2\/media?parent=1632"}],"curies":[{"name":"wp","href":"https:\/\/api.w.org\/{rel}","templated":true}]}}