{"id":1628,"date":"2025-04-18T00:35:23","date_gmt":"2025-04-18T00:35:23","guid":{"rendered":"https:\/\/oinoforoswineryevents.com\/odullerimiz\/"},"modified":"2025-04-30T16:35:49","modified_gmt":"2025-04-30T16:35:49","slug":"odullerimiz","status":"publish","type":"page","link":"https:\/\/oinoforoswineryevents.com\/tr\/odullerimiz\/","title":{"rendered":"\u00d6d\u00fcllerimiz"},"content":{"rendered":"\t\t<div data-elementor-type=\"wp-page\" data-elementor-id=\"1628\" class=\"elementor elementor-1628 elementor-1266\">\n\t\t\t\t<div class=\"elementor-element elementor-element-11d3b20 e-flex e-con-boxed e-con e-parent\" data-id=\"11d3b20\" data-element_type=\"container\" data-settings=\"{&quot;background_background&quot;:&quot;video&quot;,&quot;background_video_link&quot;:&quot;https:\\\/\\\/youtu.be\\\/xnNenxw4hCk&quot;,&quot;background_play_once&quot;:&quot;yes&quot;,&quot;background_play_on_mobile&quot;:&quot;yes&quot;}\">\n\t\t\t\t\t<div class=\"e-con-inner\">\n\t\t<div class=\"elementor-background-video-container\" aria-hidden=\"true\">\n\t\t\t\t\t\t\t<div class=\"elementor-background-video-embed\"><\/div>\n\t\t\t\t\t\t<\/div>\t\t<div class=\"elementor-element elementor-element-4de9ad3 elementor-widget elementor-widget-heading\" data-id=\"4de9ad3\" data-element_type=\"widget\" data-widget_type=\"heading.default\">\n\t\t\t\t<div class=\"elementor-widget-container\">\n\t\t\t\t\t<h2 class=\"elementor-heading-title elementor-size-default\">Sertifikalar\u0131m\u0131z ve \u00d6d\u00fcllerimiz<\/h2>\t\t\t\t<\/div>\n\t\t\t\t<\/div>\n\t\t\t\t\t<\/div>\n\t\t\t\t<\/div>\n\t\t<div class=\"elementor-element elementor-element-45d8365 e-flex e-con-boxed e-con e-parent\" data-id=\"45d8365\" data-element_type=\"container\">\n\t\t\t\t\t<div class=\"e-con-inner\">\n\t\t<div class=\"elementor-element elementor-element-d4c0ad7 e-con-full e-flex e-con e-child\" data-id=\"d4c0ad7\" data-element_type=\"container\">\n\t\t\t\t<div class=\"elementor-element elementor-element-86ca2cc elementor-widget elementor-widget-heading\" data-id=\"86ca2cc\" data-element_type=\"widget\" data-widget_type=\"heading.default\">\n\t\t\t\t<div class=\"elementor-widget-container\">\n\t\t\t\t\t<h2 class=\"elementor-heading-title elementor-size-default\">\u00d6d\u00fcllerimiz<\/h2>\t\t\t\t<\/div>\n\t\t\t\t<\/div>\n\t\t\t\t<div class=\"elementor-element elementor-element-059d332 elementor-widget elementor-widget-text-editor\" data-id=\"059d332\" data-element_type=\"widget\" data-widget_type=\"text-editor.default\">\n\t\t\t\t<div class=\"elementor-widget-container\">\n\t\t\t\t\t\t\t\t\t<p>Oinoforos\u015earaplar\u0131 uzun y\u0131llard\u0131r gerek Yunanistan i\u00e7inde gerekse yurt d\u0131\u015f\u0131nda bir\u00e7ok tad\u0131m etkinli\u011fi ve fuara kat\u0131lmaktad\u0131r. Kat\u0131ld\u0131\u011f\u0131m\u0131z etkinliklere \u00f6rnek olarak say\u0131labilecek baz\u0131 etkinlikler \u015funlard\u0131r:Amerika, New York\u2019ta ve Atina King George Otel\u2019de ger\u00e7ekle\u015ftirilen tad\u0131m etkinlikleri, San Francisco&#8217;da d\u00fczenlenen<strong>FancyFood Show<\/strong>, <strong>Gold Of Greece Organizasyonu<\/strong>, <strong>\u015eangay<\/strong> Uluslararas\u0131 \u015earap Fuar\u0131 &#8220;<strong>SialChina 2013<\/strong>&#8220;, 2014 y\u0131l\u0131nda <strong>\u00c7in\u2019de<\/strong> ger\u00e7ekle\u015ftirilen &#8220;<strong>Prowine<\/strong>&#8221; etkinli\u011fi, 2015 y\u0131l\u0131nda <strong>Atina&#8217;da<\/strong> d\u00fczenlenen <strong>FOOD Expo<\/strong> etkinli\u011fi, 2016 y\u0131l\u0131nda ger\u00e7ekle\u015ftirilen <strong>HO.RE.CA Fuar\u0131 <\/strong>ve <strong>Selanik Uluslararas\u0131 Fuar\u0131<\/strong>.  <\/p><ol><li>2010 y\u0131l\u0131nda, Daphnis ve Chlo\u00e9 kuru k\u0131rm\u0131z\u0131 \u015farab\u0131, Kaliforniya&#8217;da d\u00fczenlenen &#8220;Sommelier Challenge&#8221; Uluslararas\u0131 Fuar\u0131&#8217;nda alt\u0131n madalya kazanm\u0131\u015ft\u0131r. Ayn\u0131 y\u0131l Daphnis ve Chlo\u00e9 serisi, Los Angeles&#8217;ta d\u00fczenlenen &#8220;International Wine Competition&#8221; Uluslararas\u0131 \u015earap Yar\u0131\u015fmas\u0131&#8217;nda bronz madalya alm\u0131\u015ft\u0131r.<\/li><li>2011 y\u0131l\u0131nda, Daphnis ve Chlo\u00e9 kuru beyaz \u015farab\u0131 San Diego&#8217;da d\u00fczenlenen &#8220;Sommelier Challenge&#8221; Uluslararas\u0131 Fuar\u0131&#8217;nda g\u00fcm\u00fc\u015f madalya kazanm\u0131\u015ft\u0131r.<\/li><li>Lesvos Ticaret Odas\u0131 taraf\u0131ndan yerel \u00fcr\u00fcnlerin geli\u015fimine yapt\u0131\u011f\u0131 \u00f6nemli yat\u0131r\u0131m faaliyetleri nedeniyle 2012 y\u0131l\u0131nda Oinoforos\u2019a \u201cOnur \u00d6d\u00fcl\u00fc\u201d verilmi\u015ftir.<\/li><li>2014 y\u0131l\u0131nda, Daphnis ve Chlo\u00e9 kuru beyaz \u015farab\u0131, \u015eangay&#8217;da ger\u00e7ekle\u015ftirilen Uluslararas\u0131 \u015earap Yar\u0131\u015fmas\u0131&#8217;nda(Shangai International Wine Challenge)bronz madalya kazanm\u0131\u015ft\u0131r.<\/li><li>2016 y\u0131l\u0131nda, Daphnis ve Chlo\u00e9 \u015farap serisi \u201cOrganik \u00dcr\u00fcn Sertifikas\u0131\u201d almaya lay\u0131k g\u00f6r\u00fclm\u00fc\u015ft\u00fcr.<\/li><li>Oinoforos2020 y\u0131l\u0131ndan itibaren \u201cZiyarete A\u00e7\u0131k \u015earaphane\u201d sertifikas\u0131na sahiptir.<\/li><\/ol>\t\t\t\t\t\t\t\t<\/div>\n\t\t\t\t<\/div>\n\t\t\t\t<\/div>\n\t\t<div class=\"elementor-element elementor-element-b27cc2c e-con-full e-flex e-con e-child\" data-id=\"b27cc2c\" data-element_type=\"container\">\n\t\t\t\t<div class=\"elementor-element elementor-element-a235ea2 elementor-widget elementor-widget-image\" data-id=\"a235ea2\" data-element_type=\"widget\" data-widget_type=\"image.default\">\n\t\t\t\t<div class=\"elementor-widget-container\">\n\t\t\t\t\t\t\t\t\t\t\t\t\t\t\t<img fetchpriority=\"high\" decoding=\"async\" width=\"607\" height=\"599\" src=\"https:\/\/oinoforoswineryevents.com\/wp-content\/uploads\/2025\/04\/wcar2.webp\" class=\"attachment-full size-full wp-image-1411\" alt=\"\" srcset=\"https:\/\/oinoforoswineryevents.com\/wp-content\/uploads\/2025\/04\/wcar2.webp 607w, https:\/\/oinoforoswineryevents.com\/wp-content\/uploads\/2025\/04\/wcar2-300x296.webp 300w, https:\/\/oinoforoswineryevents.com\/wp-content\/uploads\/2025\/04\/wcar2-600x592.webp 600w, https:\/\/oinoforoswineryevents.com\/wp-content\/uploads\/2025\/04\/wcar2-100x100.webp 100w\" sizes=\"(max-width: 607px) 100vw, 607px\" \/>\t\t\t\t\t\t\t\t\t\t\t\t\t\t\t<\/div>\n\t\t\t\t<\/div>\n\t\t\t\t<\/div>\n\t\t\t\t\t<\/div>\n\t\t\t\t<\/div>\n\t\t\t\t<\/div>\n\t\t","protected":false},"excerpt":{"rendered":"<p>Sertifikalar\u0131m\u0131z ve \u00d6d\u00fcllerimiz \u00d6d\u00fcllerimiz Oinoforos\u015earaplar\u0131 uzun y\u0131llard\u0131r gerek Yunanistan i\u00e7inde gerekse yurt d\u0131\u015f\u0131nda bir\u00e7ok tad\u0131m etkinli\u011fi ve fuara kat\u0131lmaktad\u0131r. Kat\u0131ld\u0131\u011f\u0131m\u0131z etkinliklere \u00f6rnek olarak say\u0131labilecek baz\u0131 etkinlikler \u015funlard\u0131r:Amerika, New York\u2019ta ve Atina King George Otel\u2019de ger\u00e7ekle\u015ftirilen tad\u0131m etkinlikleri, San Francisco&#8217;da d\u00fczenlenenFancyFood Show, Gold Of Greece Organizasyonu, \u015eangay Uluslararas\u0131 \u015earap Fuar\u0131 &#8220;SialChina 2013&#8220;, 2014 y\u0131l\u0131nda \u00c7in\u2019de ger\u00e7ekle\u015ftirilen [&hellip;]<\/p>\n","protected":false},"author":1,"featured_media":0,"parent":0,"menu_order":0,"comment_status":"closed","ping_status":"closed","template":"","meta":{"_acf_changed":false,"footnotes":""},"class_list":["post-1628","page","type-page","status-publish","hentry"],"acf":[],"_links":{"self":[{"href":"https:\/\/oinoforoswineryevents.com\/tr\/wp-json\/wp\/v2\/pages\/1628","targetHints":{"allow":["GET"]}}],"collection":[{"href":"https:\/\/oinoforoswineryevents.com\/tr\/wp-json\/wp\/v2\/pages"}],"about":[{"href":"https:\/\/oinoforoswineryevents.com\/tr\/wp-json\/wp\/v2\/types\/page"}],"author":[{"embeddable":true,"href":"https:\/\/oinoforoswineryevents.com\/tr\/wp-json\/wp\/v2\/users\/1"}],"replies":[{"embeddable":true,"href":"https:\/\/oinoforoswineryevents.com\/tr\/wp-json\/wp\/v2\/comments?post=1628"}],"version-history":[{"count":1,"href":"https:\/\/oinoforoswineryevents.com\/tr\/wp-json\/wp\/v2\/pages\/1628\/revisions"}],"predecessor-version":[{"id":1629,"href":"https:\/\/oinoforoswineryevents.com\/tr\/wp-json\/wp\/v2\/pages\/1628\/revisions\/1629"}],"wp:attachment":[{"href":"https:\/\/oinoforoswineryevents.com\/tr\/wp-json\/wp\/v2\/media?parent=1628"}],"curies":[{"name":"wp","href":"https:\/\/api.w.org\/{rel}","templated":true}]}}